{"id":10553,"date":"2016-07-05T02:47:34","date_gmt":"2016-07-05T02:47:34","guid":{"rendered":"https:\/\/old-cash.com\/faqs\/"},"modified":"2020-01-02T20:42:16","modified_gmt":"2020-01-02T20:42:16","slug":"faqs","status":"publish","type":"page","link":"https:\/\/old-cash.com\/it\/faqs\/","title":{"rendered":"FAQs"},"content":{"rendered":"<div class=\"wpb-content-wrapper\"><p>[vc_row][vc_column][vc_custom_heading text=&#8221;Frequently Asked Questions&#8221; use_theme_fonts=&#8221;yes&#8221; el_class=&#8221;shorter&#8221;][vc_empty_space height=&#8221;40px&#8221;][\/vc_column][\/vc_row][vc_row][vc_column]<div class=\"porto-faqs porto-faqs4w21 wpb_content_element \">\r\n\t<div class=\"page-faqs clearfix wpb_custom_7fe7ddf8f1a240d6488c8a8c41279112\" id=\"porto_faqs_0dkq\">\r\n\r\n\t\t\r\n\t\t\r\n\t\t<div class=\"faq-row faqs-container\">\r\n\t\t\t\r\n<div class=\"faq brand-it post-10565 type-faq status-publish hentry faq_cat-brand-it\">\r\n\t<section class=\"toggle\">\r\n\t\t<label>1. Quali banconote possono essere scambiate tramite old-casch?<\/label>\r\n\t\t<div class=\"toggle-content\">\r\n\t\t<h3 class=\"entry-title\" style=\"display: none;\">1. Quali banconote possono essere scambiate tramite old-casch?<\/h3><span class=\"vcard\" style=\"display: none;\"><span class=\"fn\"><a href=\"https:\/\/old-cash.com\/it\/author\/admin\/\" title=\"Articoli scritti da admin\" rel=\"author\">admin<\/a><\/span><\/span><span class=\"updated\" style=\"display:none\">2020-01-02T20:44:35+02:00<\/span>[vc_row][vc_column][vc_column_text]Scambiamo le banconote correnti in circolazione e quelle ritirate dalla circolazione, comprese vecchie e danneggiate.\r\nIl catalogo delle valute con foto e prezzi correnti \u00e8 disponibile nella scheda \"exchange rate\".[\/vc_column_text][\/vc_column][\/vc_row]\t\t<\/div>\r\n\t<\/section>\r\n<\/div>\r\n\r\n<div class=\"faq design-it post-10571 type-faq status-publish hentry faq_cat-design-it\">\r\n\t<section class=\"toggle\">\r\n\t\t<label>2. Come e dove effettuare lo scambio, quale importo ricever\u00f2?<\/label>\r\n\t\t<div class=\"toggle-content\">\r\n\t\t<h3 class=\"entry-title\" style=\"display: none;\">2. Come e dove effettuare lo scambio, quale importo ricever\u00f2?<\/h3><span class=\"vcard\" style=\"display: none;\"><span class=\"fn\"><a href=\"https:\/\/old-cash.com\/it\/author\/admin\/\" title=\"Articoli scritti da admin\" rel=\"author\">admin<\/a><\/span><\/span><span class=\"updated\" style=\"display:none\">2020-01-03T10:16:32+02:00<\/span>[vc_row][vc_column][vc_column_text]Effettuerai la transazione inviando banconote tramite il corriere o la posta alla nostra filiale a Varsavia.\r\nPuoi anche venire di persona ed effettuare uno scambio diretto. In entrambi i casi per lo scambio\r\ndelle banconote riceverai il pagamento in una delle quattro valute disponibili (EUR, USD, GBP, PLN).\r\nNon abbiamo altre filiali in Polonia o nell'UE, ma nel caso di transazioni pi\u00f9 grandi esiste\r\nla possibilit\u00e0 del ritiro delle banconote dal cliente.[\/vc_column_text][\/vc_column][\/vc_row]\t\t<\/div>\r\n\t<\/section>\r\n<\/div>\r\n\r\n<div class=\"faq logo-it post-10577 type-faq status-publish hentry faq_cat-logo-it\">\r\n\t<section class=\"toggle\">\r\n\t\t<label>3. Come posso inviare banconote e cosa devo sapere su tale scambio?<\/label>\r\n\t\t<div class=\"toggle-content\">\r\n\t\t<h3 class=\"entry-title\" style=\"display: none;\">3. Come posso inviare banconote e cosa devo sapere su tale scambio?<\/h3><span class=\"vcard\" style=\"display: none;\"><span class=\"fn\"><a href=\"https:\/\/old-cash.com\/it\/author\/admin\/\" title=\"Articoli scritti da admin\" rel=\"author\">admin<\/a><\/span><\/span><span class=\"updated\" style=\"display:none\">2020-01-03T12:05:47+02:00<\/span>[vc_row][vc_column][vc_column_text]Un pacco il cui valore non supera l'equivalente di 1.000 euro (secondo l'attuale tabella dei tassi di cambio\r\ndella Tua banca) pu\u00f2 essere inviato per posta o corriere, assicurandolo in caso di\r\nsmarrimento o furto. Riceverai il pagamento per le banconote sul tuo conto bancario entro 5 giorni lavorativi\r\ndalla data di consegna del pacco.\r\nLa scelta del corriere, le spese di spedizione e le spese di assicurazione del pacco spetta al cliente.[\/vc_column_text][\/vc_column][\/vc_row]\t\t<\/div>\r\n\t<\/section>\r\n<\/div>\r\n\r\n<div class=\"faq brand-it post-10583 type-faq status-publish hentry faq_cat-brand-it\">\r\n\t<section class=\"toggle\">\r\n\t\t<label>4. Cosa devo fare se desidero effettuare lo scambio personalmente presso la vostra struttura?<\/label>\r\n\t\t<div class=\"toggle-content\">\r\n\t\t<h3 class=\"entry-title\" style=\"display: none;\">4. Cosa devo fare se desidero effettuare lo scambio personalmente presso la vostra struttura?<\/h3><span class=\"vcard\" style=\"display: none;\"><span class=\"fn\"><a href=\"https:\/\/old-cash.com\/it\/author\/admin\/\" title=\"Articoli scritti da admin\" rel=\"author\">admin<\/a><\/span><\/span><span class=\"updated\" style=\"display:none\">2020-01-03T12:24:16+02:00<\/span>[vc_row][vc_column][vc_column_text]Ti invitiamo alla nostra filiale situata a Varsavia. Nella scheda contatto troverai l'indirizzo\r\ndella nostra struttura con una mappa delle indicazioni stradali e le foto della nostra sede per facilitarti l'arrivo.\r\nIn caso di cambio di importi maggiori, ti preghiamo di informarci in anticipo telefonicamente per\r\ndarci la possibilit\u00e0 di preparare la giusta quantit\u00e0 di denaro nella valuta di tua scelta. In caso di scambio\r\ndelle banconote danneggiate inviaci via e-mail una foto di banconote danneggiate e dettagli di contatto\r\ntelefonico. Prendi la familiarit\u00e0 con i limiti e i principi di transazione descritti nella sezione successiva.[\/vc_column_text][\/vc_column][\/vc_row]\t\t<\/div>\r\n\t<\/section>\r\n<\/div>\r\n\r\n<div class=\"faq design-it post-10590 type-faq status-publish hentry faq_cat-design-it\">\r\n\t<section class=\"toggle\">\r\n\t\t<label>5. Esistono limiti di transazione massimi o minimi, o altre restrizioni?<\/label>\r\n\t\t<div class=\"toggle-content\">\r\n\t\t<h3 class=\"entry-title\" style=\"display: none;\">5. Esistono limiti di transazione massimi o minimi, o altre restrizioni?<\/h3><span class=\"vcard\" style=\"display: none;\"><span class=\"fn\"><a href=\"https:\/\/old-cash.com\/it\/author\/admin\/\" title=\"Articoli scritti da admin\" rel=\"author\">admin<\/a><\/span><\/span><span class=\"updated\" style=\"display:none\">2020-01-03T12:36:50+02:00<\/span>[vc_row][vc_column][vc_column_text]Il limite massimo per le transazioni per corrispondenza non pu\u00f2 superare l'equivalente di 1.000 EUR.\r\n\r\nCome entit\u00e0, che applica misure di sicurezza finanziaria, registrata nell'UE siamo obbligati\r\ndi rispettare gli atti giuridici europei e polacchi, in particolare:\r\n\r\n- Direttiva (UE) 2015\/849 del Parlamento europeo e del Consiglio, del 20 maggio 2015, relativa a\r\nimpedire l'uso del sistema finanziario a fini di riciclaggio o finanziamento del terrorismo\r\n\r\n- la legge della Repubblica di Polonia del 1 \u00b0 marzo 2018 in materia di antiriciclaggio e\r\nfinanziamento del terrorismo ( Diario delle Leggi 2018 pos. 723 )\r\n\r\ncon successive modifiche\r\n\r\nAgire come entit\u00e0 autorizzata dalla Banca Nazionale Polacca a svolgere attivit\u00e0\r\ndi cambio abbiamo creato e implementato una procedura interna per l'applicazione delle misure di sicurezza\r\nfinanziaria. Per transazioni di cambio superiori all'equivalente di EUR 15.000 (convertito secondo il medio\r\ntasso di cambio NBP del giorno della transazione) richiediamo obbligatoriamente di fornirci un documento corrente\r\nd'identit\u00e0 e documenti che confermano la fonte dei fondi che sono il soggetto dello scambio.\r\nAnche le transazioni intorno alla soglia e le transazioni a basso valore combinate nel loro insieme sono soggette a controlli sui cambi.\r\nTi invitiamo a scaricare il \"modulo di scambio\" necessario per lo scambio per corrispondenza e per conoscere e\r\nscaricare gli altri documenti importanti.\r\n\r\nNon esiste un importo minimo di transazione, il che significa che \u00e8 possibile scambiare anche una banconota di piccolo valore.[\/vc_column_text][\/vc_column][\/vc_row]\t\t<\/div>\r\n\t<\/section>\r\n<\/div>\r\n\r\n<div class=\"faq logo-it post-10596 type-faq status-publish hentry faq_cat-logo-it\">\r\n\t<section class=\"toggle\">\r\n\t\t<label>6. E&#8217; possibile scambiare le monete tramite old-cash?<\/label>\r\n\t\t<div class=\"toggle-content\">\r\n\t\t<h3 class=\"entry-title\" style=\"display: none;\">6. E&#8217; possibile scambiare le monete tramite old-cash?<\/h3><span class=\"vcard\" style=\"display: none;\"><span class=\"fn\"><a href=\"https:\/\/old-cash.com\/it\/author\/admin\/\" title=\"Articoli scritti da admin\" rel=\"author\">admin<\/a><\/span><\/span><span class=\"updated\" style=\"display:none\">2020-01-03T12:56:58+02:00<\/span>[vc_row][vc_column][vc_column_text]Non acquistiamo le monete. Se decidi di fornirli, verranno inoltrati senza alcuna possibilit\u00e0\r\ndi riprenderli, in beneficenza. Sosteniamo regolarmente le attivit\u00e0 delle suore polacche che conducono missioni nel\r\nAfrica centrale, foto e ringraziamenti sono disponibili qui.[\/vc_column_text][\/vc_column][\/vc_row]\t\t<\/div>\r\n\t<\/section>\r\n<\/div>\r\n\r\n<div class=\"faq design-it post-10602 type-faq status-publish hentry faq_cat-design-it\">\r\n\t<section class=\"toggle\">\r\n\t\t<label>7. Ci sono commissioni o pagamenti aggiuntivi?<\/label>\r\n\t\t<div class=\"toggle-content\">\r\n\t\t<h3 class=\"entry-title\" style=\"display: none;\">7. Ci sono commissioni o pagamenti aggiuntivi?<\/h3><span class=\"vcard\" style=\"display: none;\"><span class=\"fn\"><a href=\"https:\/\/old-cash.com\/it\/author\/admin\/\" title=\"Articoli scritti da admin\" rel=\"author\">admin<\/a><\/span><\/span><span class=\"updated\" style=\"display:none\">2020-01-03T13:03:12+02:00<\/span>[vc_row][vc_column][vc_column_text]Old-cash non applica commissioni o pagamenti aggiuntivi.\r\nEffettuiamo trasferimenti internazionali nell'opzione SHA (i costi di trasferimento sono divisi tra il mittente e\r\nil destinatario del bonifico, mentre l'old-cash copre le commissioni della sua banca, per\u00f2 eventuali\r\naltri costi sono a carico del destinatario dalla sua banca in conformit\u00e0 con la tabella delle commissioni e dei pagamenti).\r\nAssicurati che la valuta di pagamento selezionata sia uguale alla valuta in cui viene gestito il Tuo conto\r\nbancario. Altrimenti, la banca in cui hai il Tuo conto effetuer\u00e0 conversione sfavorevole per te\r\ndi valuta che hai scelto come metodo di pagamento alla valuta in cui hai\r\nconto corrente.[\/vc_column_text][\/vc_column][\/vc_row]\t\t<\/div>\r\n\t<\/section>\r\n<\/div>\r\n\r\n<div class=\"faq post-10608 type-faq status-publish hentry\">\r\n\t<section class=\"toggle\">\r\n\t\t<label>8. Posso fidarmi di old-cash e avete qualche referenza?<\/label>\r\n\t\t<div class=\"toggle-content\">\r\n\t\t<h3 class=\"entry-title\" style=\"display: none;\">8. Posso fidarmi di old-cash e avete qualche referenza?<\/h3><span class=\"vcard\" style=\"display: none;\"><span class=\"fn\"><a href=\"https:\/\/old-cash.com\/it\/author\/admin\/\" title=\"Articoli scritti da admin\" rel=\"author\">admin<\/a><\/span><\/span><span class=\"updated\" style=\"display:none\">2024-01-19T14:51:29+02:00<\/span>[vc_row][vc_column][vc_column_text]Siamo una societ\u00e0 che opera nel commercio di valute da oltre 10 anni. Abbiamo il permesso <a href=\"https:\/\/kantor.nbp.pl\/\" target=\"_blank\" rel=\"noopener\">n. 20261<\/a>\r\n(http:\/\/www.kantor.nbp.pl\/pages\/srwPrzegladanieDokumentow.nbp) per l'acquisto e la vendita di valori\r\ndi cambio e intermediazione nel loro acquisto e vendita, emessi dalla Banca Nazionale Polacca,\r\nche \u00e8 l'autorit\u00e0 di controllo delle nostre attivit\u00e0 di cambio.\r\nGodiamo delle buone opinioni dei nostri clienti confermate da un elevato fatturato superiore\r\nal decine di milioni di euro all'anno. Puoi anche controllare le nostre referenze pubblicate\r\ndai nostri clienti e appaltatori sul nostro profilo Facebook.[\/vc_column_text][\/vc_column][\/vc_row]\t\t<\/div>\r\n\t<\/section>\r\n<\/div>\r\n\r\n<div class=\"faq post-10614 type-faq status-publish hentry\">\r\n\t<section class=\"toggle\">\r\n\t\t<label>9. Posso sostituire le banconote danneggiate o quelle non sono presenti nella pagina?<\/label>\r\n\t\t<div class=\"toggle-content\">\r\n\t\t<h3 class=\"entry-title\" style=\"display: none;\">9. Posso sostituire le banconote danneggiate o quelle non sono presenti nella pagina?<\/h3><span class=\"vcard\" style=\"display: none;\"><span class=\"fn\"><a href=\"https:\/\/old-cash.com\/it\/author\/admin\/\" title=\"Articoli scritti da admin\" rel=\"author\">admin<\/a><\/span><\/span><span class=\"updated\" style=\"display:none\">2020-01-03T14:24:34+02:00<\/span>[vc_row][vc_column][vc_column_text]S\u00ec, invia al nostro indirizzo e-mail: office@old-cash.com foto delle banconote che desideri vendere\r\ne il nostro team valuter\u00e0 il valore che possiedi e invier\u00e0 ulteriori informazioni per la finalizzazione\r\ndella transazione. Per le banconote danneggiate, la valutazione dipende dal grado di danno alla banconota, e\r\nin mancanza della possibilit\u00e0 di determinazione dell'autenticit\u00e0 della banconota o di un danno eccessivo, ci riserviamo\r\nil diritto di recedere dalla transazione. Le banconote inviate sono quindi disponibili per il ritiro\r\nsolo nella nostra filiale a Varsavia.[\/vc_column_text][\/vc_column][\/vc_row]\t\t<\/div>\r\n\t<\/section>\r\n<\/div>\r\n\r\n<div class=\"faq post-10620 type-faq status-publish hentry\">\r\n\t<section class=\"toggle\">\r\n\t\t<label>10. Non riesco a stampare il &#8220;modulo di cambio&#8221;, posso nonostante questo inviare le banconote?<\/label>\r\n\t\t<div class=\"toggle-content\">\r\n\t\t<h3 class=\"entry-title\" style=\"display: none;\">10. Non riesco a stampare il &#8220;modulo di cambio&#8221;, posso nonostante questo inviare le banconote?<\/h3><span class=\"vcard\" style=\"display: none;\"><span class=\"fn\"><a href=\"https:\/\/old-cash.com\/it\/author\/admin\/\" title=\"Articoli scritti da admin\" rel=\"author\">admin<\/a><\/span><\/span><span class=\"updated\" style=\"display:none\">2020-01-03T20:12:29+02:00<\/span>[vc_row][vc_column][vc_column_text]Certo, se hai problemi con la stampa, allega alle banconote l'indirizzo e-mail o il numero\r\ndi riferimento del caso in base al quale identificheremo la Tua transazione. I dati identificativi dovrebbero\r\nessere collocati anche sulla busta o sul pacco.[\/vc_column_text][\/vc_column][\/vc_row]\t\t<\/div>\r\n\t<\/section>\r\n<\/div>\r\n\r\n<div class=\"faq post-10626 type-faq status-publish hentry\">\r\n\t<section class=\"toggle\">\r\n\t\t<label>11. Il processo di vendita sul sito Web \u00e8 stato completato e il pacchetto \u00e8 gi\u00e0 pronto, quanto tempo ho per inviare banconote a old-cash.com?<\/label>\r\n\t\t<div class=\"toggle-content\">\r\n\t\t<h3 class=\"entry-title\" style=\"display: none;\">11. Il processo di vendita sul sito Web \u00e8 stato completato e il pacchetto \u00e8 gi\u00e0 pronto, quanto tempo ho per inviare banconote a old-cash.com?<\/h3><span class=\"vcard\" style=\"display: none;\"><span class=\"fn\"><a href=\"https:\/\/old-cash.com\/it\/author\/admin\/\" title=\"Articoli scritti da admin\" rel=\"author\">admin<\/a><\/span><\/span><span class=\"updated\" style=\"display:none\">2020-01-03T20:23:25+02:00<\/span>[vc_row][vc_column][vc_column_text]La nostra politica dei prezzi presuppone il mantenimento dei migliori tassi di cambio possibili per il cliente.\r\nLe variazioni di prezzo sul mercato valutario possono talvolta essere molto dinamiche, quindi per offrirti il miglior prezzo\r\nper le valute vendute, si prega di inviare il pacco entro il giorno successivo alla fine\r\ndel processo di aggiunta di banconote al tuo portafoglio. Ovviamente se ti dimentichi della spedizione e lo fai pochi\r\ngiorni dopo e i tassi di cambio saranno mantenuti stabili non ci saranno problemi\r\nper la realizzazionedella transazione.[\/vc_column_text][\/vc_column][\/vc_row]\t\t<\/div>\r\n\t<\/section>\r\n<\/div>\r\n\r\n<div class=\"faq post-10633 type-faq status-publish hentry\">\r\n\t<section class=\"toggle\">\r\n\t\t<label>12. Vivo al di fuori dell&#8217;Unione Europea, posso inviarvi le banconote?<\/label>\r\n\t\t<div class=\"toggle-content\">\r\n\t\t<h3 class=\"entry-title\" style=\"display: none;\">12. Vivo al di fuori dell&#8217;Unione Europea, posso inviarvi le banconote?<\/h3><span class=\"vcard\" style=\"display: none;\"><span class=\"fn\"><a href=\"https:\/\/old-cash.com\/it\/author\/admin\/\" title=\"Articoli scritti da admin\" rel=\"author\">admin<\/a><\/span><\/span><span class=\"updated\" style=\"display:none\">2020-01-03T20:45:12+02:00<\/span>[vc_row][vc_column][vc_column_text]S\u00ec, siamo un servizio internazionale e gestiamo transazioni da varie parti del mondo.[\/vc_column_text][\/vc_column][\/vc_row]\t\t<\/div>\r\n\t<\/section>\r\n<\/div>\r\n\t\t<\/div>\r\n\r\n\t\t\r\n\t<\/div>\r\n\r\n\t\r\n\t<\/div>[vc_empty_space height=&#8221;1px&#8221;][\/vc_column][\/vc_row]<\/p>\n<\/div>","protected":false},"excerpt":{"rendered":"<p>[vc_row][vc_column][vc_custom_heading text=&#8221;Frequently Asked Questions&#8221; use_theme_fonts=&#8221;yes&#8221; el_class=&#8221;shorter&#8221;][vc_empty_space height=&#8221;40px&#8221;][\/vc_column][\/vc_row][vc_row][vc_column][vc_empty_space height=&#8221;1px&#8221;][\/vc_column][\/vc_row]<\/p>\n","protected":false},"author":1,"featured_media":0,"parent":0,"menu_order":0,"comment_status":"closed","ping_status":"closed","template":"","meta":{"footnotes":""},"class_list":["post-10553","page","type-page","status-publish","hentry"],"_links":{"self":[{"href":"https:\/\/old-cash.com\/it\/wp-json\/wp\/v2\/pages\/10553","targetHints":{"allow":["GET"]}}],"collection":[{"href":"https:\/\/old-cash.com\/it\/wp-json\/wp\/v2\/pages"}],"about":[{"href":"https:\/\/old-cash.com\/it\/wp-json\/wp\/v2\/types\/page"}],"author":[{"embeddable":true,"href":"https:\/\/old-cash.com\/it\/wp-json\/wp\/v2\/users\/1"}],"replies":[{"embeddable":true,"href":"https:\/\/old-cash.com\/it\/wp-json\/wp\/v2\/comments?post=10553"}],"version-history":[{"count":1,"href":"https:\/\/old-cash.com\/it\/wp-json\/wp\/v2\/pages\/10553\/revisions"}],"predecessor-version":[{"id":10559,"href":"https:\/\/old-cash.com\/it\/wp-json\/wp\/v2\/pages\/10553\/revisions\/10559"}],"wp:attachment":[{"href":"https:\/\/old-cash.com\/it\/wp-json\/wp\/v2\/media?parent=10553"}],"curies":[{"name":"wp","href":"https:\/\/api.w.org\/{rel}","templated":true}]}}