{"id":10554,"date":"2016-07-05T02:47:34","date_gmt":"2016-07-05T02:47:34","guid":{"rendered":"https:\/\/old-cash.com\/faqs\/"},"modified":"2020-01-02T20:42:17","modified_gmt":"2020-01-02T20:42:17","slug":"faqs","status":"publish","type":"page","link":"https:\/\/old-cash.com\/lt\/faqs\/","title":{"rendered":"FAQs"},"content":{"rendered":"<div class=\"wpb-content-wrapper\"><p>[vc_row][vc_column][vc_custom_heading text=&#8221;Frequently Asked Questions&#8221; use_theme_fonts=&#8221;yes&#8221; el_class=&#8221;shorter&#8221;][vc_empty_space height=&#8221;40px&#8221;][\/vc_column][\/vc_row][vc_row][vc_column]<div class=\"porto-faqs porto-faqs9f60 wpb_content_element \">\r\n\t<div class=\"page-faqs clearfix wpb_custom_7fe7ddf8f1a240d6488c8a8c41279112\" id=\"porto_faqs_cef4\">\r\n\r\n\t\t\r\n\t\t\r\n\t\t<div class=\"faq-row faqs-container\">\r\n\t\t\t\r\n<div class=\"faq brand-it-lt post-10566 type-faq status-publish hentry faq_cat-brand-it-lt\">\r\n\t<section class=\"toggle\">\r\n\t\t<label>1. Kokius banknotus galima keisti old-cash pagalba?<\/label>\r\n\t\t<div class=\"toggle-content\">\r\n\t\t<h3 class=\"entry-title\" style=\"display: none;\">1. Kokius banknotus galima keisti old-cash pagalba?<\/h3><span class=\"vcard\" style=\"display: none;\"><span class=\"fn\"><a href=\"https:\/\/old-cash.com\/lt\/author\/admin\/\" title=\"Autorius: admin\" rel=\"author\">admin<\/a><\/span><\/span><span class=\"updated\" style=\"display:none\">2020-01-02T20:45:59+02:00<\/span>[vc_row][vc_column][vc_column_text]Kei\u010diame dabar galiojan\u010dius apyvartoje ir i\u0161imtus i\u0161 apyvartos banknotus, \u012fskaitant senus ir pa\u017eeistus.\r\nValiut\u0173 katalogas su nuotraukomis ir dabartin\u0117mis kainomis prieinamas skirtuke \u201eexchange rate\u201c.[\/vc_column_text][\/vc_column][\/vc_row]\t\t<\/div>\r\n\t<\/section>\r\n<\/div>\r\n\r\n<div class=\"faq design-it-lt post-10572 type-faq status-publish hentry faq_cat-design-it-lt\">\r\n\t<section class=\"toggle\">\r\n\t\t<label>2. Kaip ir kur galima i\u0161keisti, koki\u0105 sum\u0105 gausiu?<\/label>\r\n\t\t<div class=\"toggle-content\">\r\n\t\t<h3 class=\"entry-title\" style=\"display: none;\">2. Kaip ir kur galima i\u0161keisti, koki\u0105 sum\u0105 gausiu?<\/h3><span class=\"vcard\" style=\"display: none;\"><span class=\"fn\"><a href=\"https:\/\/old-cash.com\/lt\/author\/admin\/\" title=\"Autorius: admin\" rel=\"author\">admin<\/a><\/span><\/span><span class=\"updated\" style=\"display:none\">2020-01-03T10:17:14+02:00<\/span>[vc_row][vc_column][vc_column_text]Sandor\u012f galima \u012fvykdyti i\u0161siun\u010diant banknotus per kurjer\u012f ar pa\u0161tu \u012f m\u016bs\u0173 skyri\u0173 Var\u0161uvoje.\r\nTaip pat galite asmeni\u0161kai apsilankyti m\u016bs\u0173 ofise ir tiesiogiai atlikti keitim\u0105. Abiem atvejais mok\u0117jim\u0105 u\u017e banknot\u0173 keitim\u0105\r\ngausite viena i\u0161 keturi\u0173 galim\u0173 valiut\u0173 (EUR, USD, GBP, PLN).\r\nNeturime kit\u0173 skyri\u0173 nei Lenkijoje, nei ES teritorijoje, ta\u010diau didesnio sandorio atveju yra\r\ngalimyb\u0117 paimti banknotus pas klient\u0105.[\/vc_column_text][\/vc_column][\/vc_row]\t\t<\/div>\r\n\t<\/section>\r\n<\/div>\r\n\r\n<div class=\"faq logo-lt post-10578 type-faq status-publish hentry faq_cat-logo-lt\">\r\n\t<section class=\"toggle\">\r\n\t\t<label>3. Kaip galiu atsi\u0173sti banknotus ir k\u0105 tur\u0117\u010diau \u017einoti apie tok\u012f keitim\u0105?<\/label>\r\n\t\t<div class=\"toggle-content\">\r\n\t\t<h3 class=\"entry-title\" style=\"display: none;\">3. Kaip galiu atsi\u0173sti banknotus ir k\u0105 tur\u0117\u010diau \u017einoti apie tok\u012f keitim\u0105?<\/h3><span class=\"vcard\" style=\"display: none;\"><span class=\"fn\"><a href=\"https:\/\/old-cash.com\/lt\/author\/admin\/\" title=\"Autorius: admin\" rel=\"author\">admin<\/a><\/span><\/span><span class=\"updated\" style=\"display:none\">2020-01-03T12:06:30+02:00<\/span>[vc_row][vc_column][vc_column_text]Siunt\u0105, kurios vert\u0117 nevir\u0161ija 1000 eur\u0173 ekvivalento (pagal dabartin\u012f J\u016bs\u0173 banko\r\nvaliut\u0173 kurs\u0173 lentel\u0119) galima i\u0161si\u0173sti pa\u0161tu ar kurjeriu, apdraud\u017eiant j\u0105\r\nnuo galimo praradimo ar vagyst\u0117s. Mok\u0117jim\u0105 u\u017e banknotus gausite \u012f savo banko s\u0105skait\u0105 per 5 darbo dienas\r\nnuo siuntos pristatymo dienos.\r\nKurjeri\u0173 \u012fmon\u0117s pasirinkimu, siuntos siuntimo ir draudimo i\u0161laidomis r\u016bpinasi klientas.[\/vc_column_text][\/vc_column][\/vc_row]\t\t<\/div>\r\n\t<\/section>\r\n<\/div>\r\n\r\n<div class=\"faq brand-it-lt post-10584 type-faq status-publish hentry faq_cat-brand-it-lt\">\r\n\t<section class=\"toggle\">\r\n\t\t<label>4. K\u0105 daryti, jei keitim\u0105 noriu atlikti asmeni\u0161kai J\u016bs\u0173 skyriuje?<\/label>\r\n\t\t<div class=\"toggle-content\">\r\n\t\t<h3 class=\"entry-title\" style=\"display: none;\">4. K\u0105 daryti, jei keitim\u0105 noriu atlikti asmeni\u0161kai J\u016bs\u0173 skyriuje?<\/h3><span class=\"vcard\" style=\"display: none;\"><span class=\"fn\"><a href=\"https:\/\/old-cash.com\/lt\/author\/admin\/\" title=\"Autorius: admin\" rel=\"author\">admin<\/a><\/span><\/span><span class=\"updated\" style=\"display:none\">2020-01-03T12:25:00+02:00<\/span>[vc_row][vc_column][vc_column_text]Kvie\u010diame \u012f m\u016bs\u0173 skyri\u0173 Var\u0161uvoje. Skirtuke kontaktas rasite\r\nm\u016bs\u0173 skyriaus adres\u0105 ir \u017eem\u0117lap\u012f, parodant\u012f kaip mus rasti bei m\u016bs\u0173 buvein\u0117s nuotraukas, kad lengviau mus rastum\u0117te.\r\nJei planuojate keisti didesn\u0119 sum\u0105, prane\u0161kite apie tai mus i\u0161 anksto telefonu, kad\r\ngal\u0117tume paruo\u0161ti reikiam\u0105 J\u016bs\u0173 pasirinktos valiutos gryn\u0173j\u0173 kiek\u012f. Jei norite keisti\r\npa\u017eeistus banknotus, atsi\u0173skite mums el. pa\u0161tu pa\u017eeist\u0173 banknot\u0173 nuotraukas ir kontaktin\u012f\r\ntelefono numer\u012f. Susipa\u017einkite su sandori\u0173 limitais ir apra\u0161ymais, pateiktas sekan\u010diame punkte.[\/vc_column_text][\/vc_column][\/vc_row]\t\t<\/div>\r\n\t<\/section>\r\n<\/div>\r\n\r\n<div class=\"faq design-it-lt post-10591 type-faq status-publish hentry faq_cat-design-it-lt\">\r\n\t<section class=\"toggle\">\r\n\t\t<label>5. Ar galioja kokie nors maksimalus ir minimalus sandorio limitai ar kiti apribojimai?<\/label>\r\n\t\t<div class=\"toggle-content\">\r\n\t\t<h3 class=\"entry-title\" style=\"display: none;\">5. Ar galioja kokie nors maksimalus ir minimalus sandorio limitai ar kiti apribojimai?<\/h3><span class=\"vcard\" style=\"display: none;\"><span class=\"fn\"><a href=\"https:\/\/old-cash.com\/lt\/author\/admin\/\" title=\"Autorius: admin\" rel=\"author\">admin<\/a><\/span><\/span><span class=\"updated\" style=\"display:none\">2020-01-03T12:38:25+02:00<\/span>[vc_row][vc_column][vc_column_text]Maksimalus nuotoliniu b\u016bdu sudaromo sandorio limitas negali vir\u0161yti 1000 eur\u0173 ekvivalento.\r\n\r\nKaip subjektas, taikantis finansin\u0117s apsaugos priemones, \u012fregistruotas US teritorijoje, esame \u012fpareigoti\r\nlaikytis Europos S\u0105jungos ir Lenkijos teis\u0117s akt\u0173, vis\u0173 pirma:\r\n\r\n- 2015 m. gegu\u017e\u0117s 20 d. Europos Parlamento ir Tarybos Direktyvos (ES) 2015\/849 d\u0117l\r\nfinans\u0173 sistemos naudojimo pinig\u0173 plovimui ar terorist\u0173 finansavimui prevencijos\r\n\r\n- 2018 m. kovo 1 d. Lenkijos Respublikos \u012estatymo d\u0117l kovos su pinig\u0173 plovimu ir\r\nterorist\u0173 finansavimu (\u012estatym\u0173 Leidinys 2018 punktas 723)\r\n\r\nsu pakeitimais\r\n\r\nVeikdami kaip subjektas, turintis Lenkijos Nacionalinio Banko leidim\u0105 atlikti\r\nvaliut\u0173 keitimo veikl\u0105 suk\u016br\u0117me ir \u012fgyvendinome vidin\u0119 finansinio saugumo priemoni\u0173 taikymo\r\nproced\u016br\u0105. Valiut\u0173 keitimo sandori\u0173 atveju, kai vir\u0161ijamas 15 000 eur\u0173 ekvivalentas (perskai\u010diuojant pagal vidutin\u012f\r\nLenkijos Nacionalinio Banko kurs\u0105, galiojant\u012f sandorio atlikimo dien\u0105) b\u016btinai reikalaujame pateikti galiojant\u012f asmens\r\ntapatyb\u0117s dokument\u0105 ir dokumentus, patvirtinan\u010dius kei\u010diam\u0173 pinig\u0173 kilm\u0117s \u0161altin\u012f.\r\nU\u017esienio valiutos kontrol\u0117 taip pat taikoma sandoriams, kuri\u0173 vert\u0117 artima ribin\u0117ms vert\u0117ms ir ma\u017eos vert\u0117s sandoriams, kurie jungiami \u012f visum\u0105.\r\nKvie\u010diame atsisi\u0173sti \u201eexchange form\u201c, kuri reikalinga norint atlikti keitim\u0105 nuotoliniu b\u016bdu ir susipa\u017einti bei\r\natsisi\u0173sti kitus svarbius dokumentus.\r\n\r\nN\u0117ra minimalios sandorio sumos, t.y. pas mus galite i\u0161keisti ma\u017eos vert\u0117s banknot\u0105.[\/vc_column_text][\/vc_column][\/vc_row]\t\t<\/div>\r\n\t<\/section>\r\n<\/div>\r\n\r\n<div class=\"faq logo-lt post-10597 type-faq status-publish hentry faq_cat-logo-lt\">\r\n\t<section class=\"toggle\">\r\n\t\t<label>6. Ar per old-cash galima i\u0161keisti monetas?<\/label>\r\n\t\t<div class=\"toggle-content\">\r\n\t\t<h3 class=\"entry-title\" style=\"display: none;\">6. Ar per old-cash galima i\u0161keisti monetas?<\/h3><span class=\"vcard\" style=\"display: none;\"><span class=\"fn\"><a href=\"https:\/\/old-cash.com\/lt\/author\/admin\/\" title=\"Autorius: admin\" rel=\"author\">admin<\/a><\/span><\/span><span class=\"updated\" style=\"display:none\">2020-01-03T12:57:28+02:00<\/span>[vc_row][vc_column][vc_column_text]Nesuperkama monet\u0173. Jei nuspr\u0119site jas atsi\u0173sti mums tai jos bus perduotos be galimyb\u0117s\r\nsusigr\u0105\u017einti labdarai. Nuolat remiame lenk\u0173 seser\u0173, vykdan\u010di\u0173 misijas\r\nCentrin\u0117je Afrikoje, veikl\u0105, nuotraukas ir pad\u0117kas rasite \u010dia.[\/vc_column_text][\/vc_column][\/vc_row]\t\t<\/div>\r\n\t<\/section>\r\n<\/div>\r\n\r\n<div class=\"faq design-it-lt post-10603 type-faq status-publish hentry faq_cat-design-it-lt\">\r\n\t<section class=\"toggle\">\r\n\t\t<label>7. Ar yra kokie nors papildomi mokes\u010diai ar komisinis mokestis?<\/label>\r\n\t\t<div class=\"toggle-content\">\r\n\t\t<h3 class=\"entry-title\" style=\"display: none;\">7. Ar yra kokie nors papildomi mokes\u010diai ar komisinis mokestis?<\/h3><span class=\"vcard\" style=\"display: none;\"><span class=\"fn\"><a href=\"https:\/\/old-cash.com\/lt\/author\/admin\/\" title=\"Autorius: admin\" rel=\"author\">admin<\/a><\/span><\/span><span class=\"updated\" style=\"display:none\">2020-01-03T13:04:07+02:00<\/span>[vc_row][vc_column][vc_column_text]Old-cash neima joki\u0173 papildom\u0173 mokes\u010di\u0173 nei komisini\u0173.\r\nTarptautinius pavedimus vykdome SHA forma (pavedimo i\u0161laidos dalijamos tarp pavedimo siunt\u0117jo ir\r\ngav\u0117jo, old-cash padengia savo banko komisinius, bet kitus galimus\r\nmokes\u010dius, kuriuos taiko gav\u0117jo bankas jis pats padengia pagal mokes\u010di\u0173 ir komisini\u0173 lentel\u0119).\r\n\u012esitikinkite, kad J\u016bs\u0173 pasirinkta mok\u0117jimo valiuta atitinka J\u016bs\u0173 s\u0105skaitos\r\nvaliut\u0105. Kitu atveju bankas, kuriame turite banko s\u0105skait\u0105 atliks nepalank\u0173 Jums\r\nkonvertavim\u0105 i\u0161 valiutos, kuri\u0105 pasirinkote kaip mok\u0117jimo b\u016bd\u0105 \u012f J\u016bs\u0173 banko\r\ns\u0105skaitos valiut\u0105.[\/vc_column_text][\/vc_column][\/vc_row]\t\t<\/div>\r\n\t<\/section>\r\n<\/div>\r\n\r\n<div class=\"faq post-10609 type-faq status-publish hentry\">\r\n\t<section class=\"toggle\">\r\n\t\t<label>8. Ar galiu pasitik\u0117ti old-cash ir ar turite kokias nors rekomendacijas?<\/label>\r\n\t\t<div class=\"toggle-content\">\r\n\t\t<h3 class=\"entry-title\" style=\"display: none;\">8. Ar galiu pasitik\u0117ti old-cash ir ar turite kokias nors rekomendacijas?<\/h3><span class=\"vcard\" style=\"display: none;\"><span class=\"fn\"><a href=\"https:\/\/old-cash.com\/lt\/author\/admin\/\" title=\"Autorius: admin\" rel=\"author\">admin<\/a><\/span><\/span><span class=\"updated\" style=\"display:none\">2024-01-19T14:53:36+02:00<\/span>[vc_row][vc_column][vc_column_text]Esame \u012fmon\u0117, kuri u\u017esiima valiut\u0173 prekyba daugiau nei 10 met\u0173. Turime Lenkijos Nacionalinio Banko,\r\nkuris yra organu, pri\u017ei\u016brin\u010di\u0173 m\u016bs\u0173 valiut\u0173 keitimo veikl\u0105, i\u0161duot\u0105 leidim\u0105 <a href=\"https:\/\/kantor.nbp.pl\/\" target=\"_blank\" rel=\"noopener\">Nr. 20261<\/a>\r\npirkti ir parduoti u\u017esienio valiut\u0173 vertes\r\nir tarpininkauti j\u0173 supirkite ir pardavime.\r\nTurime gerus m\u016bs\u0173 klient\u0173 atsiliepimus, patvirtintus didel\u0117mis apyvartomis, kurios per metus vir\u0161ija\r\nkeliasde\u0161imt milijon\u0173 eur\u0173. Taip pat galite patikrinti m\u016bs\u0173 rekomendacijas, kurias paskelb\u0117\r\nm\u016bs\u0173 Facebook paskyroje m\u016bs\u0173 klientai ir rangovai.[\/vc_column_text][\/vc_column][\/vc_row]\t\t<\/div>\r\n\t<\/section>\r\n<\/div>\r\n\r\n<div class=\"faq post-10615 type-faq status-publish hentry\">\r\n\t<section class=\"toggle\">\r\n\t\t<label>9. Ar galiu i\u0161keisti pa\u017eeistus banknotus ar tuos, kurie n\u0117ra pateikti svetain\u0117je?<\/label>\r\n\t\t<div class=\"toggle-content\">\r\n\t\t<h3 class=\"entry-title\" style=\"display: none;\">9. Ar galiu i\u0161keisti pa\u017eeistus banknotus ar tuos, kurie n\u0117ra pateikti svetain\u0117je?<\/h3><span class=\"vcard\" style=\"display: none;\"><span class=\"fn\"><a href=\"https:\/\/old-cash.com\/lt\/author\/admin\/\" title=\"Autorius: admin\" rel=\"author\">admin<\/a><\/span><\/span><span class=\"updated\" style=\"display:none\">2020-01-03T14:25:10+02:00<\/span>[vc_row][vc_column][vc_column_text]Taip, atsi\u0173skite mums el. pa\u0161tu office@old-cash.com banknot\u0173, kuriuos norite parduoti nuotraukas,\r\no m\u016bs\u0173 komanda \u012fvertins J\u016bs\u0173 turim\u0105 turt\u0105 ir atsi\u0173s tolesnes informacijas, kad baigtume\r\nsandor\u012f. Pa\u017eeist\u0173 banknot\u0173 atveju \u012fvertinimas priklauso nuo banknoto pa\u017eeidimo lygio, o\r\nei ne\u012fmanoma nustatyti banknoto autenti\u0161kumo ar banknotas yra labai pa\u017eeistas, pasiliekame\r\nsau teis\u0119 atsisakyti vykdyti sandor\u012f. Tokiu atveju i\u0161si\u0173stus banknotus galima atsiimti\r\ntik m\u016bs\u0173 skyriaus buvein\u0117je Var\u0161uvoje.[\/vc_column_text][\/vc_column][\/vc_row]\t\t<\/div>\r\n\t<\/section>\r\n<\/div>\r\n\r\n<div class=\"faq post-10621 type-faq status-publish hentry\">\r\n\t<section class=\"toggle\">\r\n\t\t<label>10. Negaliu atspausdinti \u201eexchange form\u201c, ar nepaisant to galiu i\u0161si\u0173sti banknotus?<\/label>\r\n\t\t<div class=\"toggle-content\">\r\n\t\t<h3 class=\"entry-title\" style=\"display: none;\">10. Negaliu atspausdinti \u201eexchange form\u201c, ar nepaisant to galiu i\u0161si\u0173sti banknotus?<\/h3><span class=\"vcard\" style=\"display: none;\"><span class=\"fn\"><a href=\"https:\/\/old-cash.com\/lt\/author\/admin\/\" title=\"Autorius: admin\" rel=\"author\">admin<\/a><\/span><\/span><span class=\"updated\" style=\"display:none\">2020-01-03T20:13:10+02:00<\/span>[vc_row][vc_column][vc_column_text]Taip, jei kyla problem\u0173 i\u0161spausdinti form\u0105, galite tiesiog prie banknot\u0173 prid\u0117ti el. pa\u0161to adres\u0105 ar u\u017eklausos\r\nnuorodos numer\u012f, pagal kur\u012f identifikuosime J\u016bs\u0173 sandor\u012f. Identifikavimo duomenis\r\ntaip pat verta u\u017era\u0161yti ant voko ar pakuot\u0117s.[\/vc_column_text][\/vc_column][\/vc_row]\t\t<\/div>\r\n\t<\/section>\r\n<\/div>\r\n\r\n<div class=\"faq post-10627 type-faq status-publish hentry\">\r\n\t<section class=\"toggle\">\r\n\t\t<label>11. Svetain\u0117je jau yra u\u017ebaigtas pardavimo procesas ir jau turiu paruo\u0161t\u0105 siunt\u0105, kiek laiko turiu i\u0161si\u0173sti banknotus old-cash.com?<\/label>\r\n\t\t<div class=\"toggle-content\">\r\n\t\t<h3 class=\"entry-title\" style=\"display: none;\">11. Svetain\u0117je jau yra u\u017ebaigtas pardavimo procesas ir jau turiu paruo\u0161t\u0105 siunt\u0105, kiek laiko turiu i\u0161si\u0173sti banknotus old-cash.com?<\/h3><span class=\"vcard\" style=\"display: none;\"><span class=\"fn\"><a href=\"https:\/\/old-cash.com\/lt\/author\/admin\/\" title=\"Autorius: admin\" rel=\"author\">admin<\/a><\/span><\/span><span class=\"updated\" style=\"display:none\">2020-01-03T20:36:26+02:00<\/span>[vc_row][vc_column][vc_column_text]M\u016bs\u0173 kain\u0173 politikos tikslas i\u0161laikyti klientui kuo geresnius valiut\u0173 kursus.\r\nKain\u0173 poky\u010diai valiut\u0173 rinkoje kartais yra labai dinami\u0161ki, tod\u0117l nor\u0117dami u\u017etikrinti Jums kuo geresn\u0119 kain\u0105\r\nu\u017e parduodamas valiutas, pra\u0161ome i\u0161si\u0173sti siunt\u0105 v\u0117liausiai sekan\u010di\u0105 dien\u0105 po banknot\u0173\r\nprid\u0117jimo \u012f pinigin\u0119 proced\u016bros u\u017ebaigimo. \u017dinoma, jei pamir\u0161ite apie siuntin\u012f ir i\u0161si\u0173site j\u012f keliomis\r\ndienomis v\u0117liau, o valiut\u0173 kursai i\u0161silaikys stabiliame lygyje, vykdant sandor\u012f\r\nnekils joki\u0173 problem\u0173.[\/vc_column_text][\/vc_column][\/vc_row]\t\t<\/div>\r\n\t<\/section>\r\n<\/div>\r\n\r\n<div class=\"faq post-10634 type-faq status-publish hentry\">\r\n\t<section class=\"toggle\">\r\n\t\t<label>12. Gyvenu u\u017e Europos S\u0105jungos rib\u0173, ar galiu atsi\u0173sti Jums banknotus?<\/label>\r\n\t\t<div class=\"toggle-content\">\r\n\t\t<h3 class=\"entry-title\" style=\"display: none;\">12. Gyvenu u\u017e Europos S\u0105jungos rib\u0173, ar galiu atsi\u0173sti Jums banknotus?<\/h3><span class=\"vcard\" style=\"display: none;\"><span class=\"fn\"><a href=\"https:\/\/old-cash.com\/lt\/author\/admin\/\" title=\"Autorius: admin\" rel=\"author\">admin<\/a><\/span><\/span><span class=\"updated\" style=\"display:none\">2020-01-03T20:45:47+02:00<\/span>[vc_row][vc_column][vc_column_text]Taip, esama tarptautine svetaine ir sandorius tvarkome i\u0161 \u012fvairiausi\u0173 pasaulio dali\u0173.[\/vc_column_text][\/vc_column][\/vc_row]\t\t<\/div>\r\n\t<\/section>\r\n<\/div>\r\n\t\t<\/div>\r\n\r\n\t\t\r\n\t<\/div>\r\n\r\n\t\r\n\t<\/div>[vc_empty_space height=&#8221;1px&#8221;][\/vc_column][\/vc_row]<\/p>\n<\/div>","protected":false},"excerpt":{"rendered":"<p>[vc_row][vc_column][vc_custom_heading text=&#8221;Frequently Asked Questions&#8221; use_theme_fonts=&#8221;yes&#8221; el_class=&#8221;shorter&#8221;][vc_empty_space height=&#8221;40px&#8221;][\/vc_column][\/vc_row][vc_row][vc_column][vc_empty_space height=&#8221;1px&#8221;][\/vc_column][\/vc_row]<\/p>\n","protected":false},"author":1,"featured_media":0,"parent":0,"menu_order":0,"comment_status":"closed","ping_status":"closed","template":"","meta":{"footnotes":""},"class_list":["post-10554","page","type-page","status-publish","hentry"],"_links":{"self":[{"href":"https:\/\/old-cash.com\/lt\/wp-json\/wp\/v2\/pages\/10554","targetHints":{"allow":["GET"]}}],"collection":[{"href":"https:\/\/old-cash.com\/lt\/wp-json\/wp\/v2\/pages"}],"about":[{"href":"https:\/\/old-cash.com\/lt\/wp-json\/wp\/v2\/types\/page"}],"author":[{"embeddable":true,"href":"https:\/\/old-cash.com\/lt\/wp-json\/wp\/v2\/users\/1"}],"replies":[{"embeddable":true,"href":"https:\/\/old-cash.com\/lt\/wp-json\/wp\/v2\/comments?post=10554"}],"version-history":[{"count":1,"href":"https:\/\/old-cash.com\/lt\/wp-json\/wp\/v2\/pages\/10554\/revisions"}],"predecessor-version":[{"id":10560,"href":"https:\/\/old-cash.com\/lt\/wp-json\/wp\/v2\/pages\/10554\/revisions\/10560"}],"wp:attachment":[{"href":"https:\/\/old-cash.com\/lt\/wp-json\/wp\/v2\/media?parent=10554"}],"curies":[{"name":"wp","href":"https:\/\/api.w.org\/{rel}","templated":true}]}}