{"id":10765,"date":"2019-12-03T15:25:17","date_gmt":"2019-12-03T15:25:17","guid":{"rendered":"https:\/\/old-cash.com\/exchange-rates\/"},"modified":"2020-10-12T11:53:37","modified_gmt":"2020-10-12T11:53:37","slug":"exchange-rates","status":"publish","type":"page","link":"https:\/\/old-cash.com\/lt\/exchange-rates\/","title":{"rendered":"Valiut\u0173 keitimo kurs\u0173 lentel\u0117"},"content":{"rendered":"<div class=\"wpb-content-wrapper\"><p>[vc_row][vc_column][vc_custom_heading text=&#8221;Valiut\u0173 keitimo kurs\u0173 lentel\u0117&#8221; use_theme_fonts=&#8221;yes&#8221;][vc_column_text]<\/p>\n<p>Neimame joki\u0173 papildom\u0173 mokes\u010di\u0173 nei komisini\u0173. Pasirinkite mok\u0117jimo tip\u0105 viena i\u0161 keturi\u0173 galim\u0173 valiut\u0173 ( EUR, USD, GBP, PLN ) ir pamatykite kokius palankius keitimo kursus si\u016blo old-cash. Spustel\u0117kite turimos valiutos piktogram\u0105 ir prid\u0117kite pasirinktus banknotus \u012f savo pinigin\u0119.<\/p>\n<p>[\/vc_column_text][\/vc_column][\/vc_row][vc_row][vc_column][vc_raw_html]PHA+W3djal93aG9sZXNhbGVfcHJpY2VfdGFibGVdIFt0YWJsZSBpZD0zIGNhY2hlX3RhYmxlX291dHB1dD1mYWxzZSAvXTwvcD4=[\/vc_raw_html][\/vc_column][\/vc_row][vc_row][vc_column][vc_column_text]<\/p>\n<p><strong>Kitos valiutos<\/strong><\/p>\n<p>Jei turite kit\u0173 nenurodyt\u0173 svetain\u0117je banknot\u0173, atsi\u0173skite el. pa\u0161tu:\u00a0<a href=\"mailto:office@old-cash.com\">office@old-cash.com<\/a>\u00a0tiksli\u0105 sum\u0105 ir pavadinim\u0105 valiutos, kuri\u0105 norite i\u0161keisti, o atsakyme \u012f savo lai\u0161k\u0105 gausite m\u016bs\u0173 komandos atlikt\u0105 nemokam\u0105 \u012fvertinim\u0105. Jei neturite galimyb\u0117s identifikuoti turim\u0173 valiut\u0173, prie siun\u010diamo lai\u0161ko prisekite banknot\u0173 nuotraukas.<\/p>\n<p>[\/vc_column_text][\/vc_column][\/vc_row]<\/p>\n<\/div>","protected":false},"excerpt":{"rendered":"<p>[vc_row][vc_column][vc_custom_heading text=&#8221;Valiut\u0173 keitimo kurs\u0173 lentel\u0117&#8221; use_theme_fonts=&#8221;yes&#8221;][vc_column_text] Neimame joki\u0173 papildom\u0173 mokes\u010di\u0173 nei komisini\u0173. Pasirinkite mok\u0117jimo tip\u0105 viena i\u0161 keturi\u0173 galim\u0173 valiut\u0173 ( EUR, USD, GBP, PLN ) ir pamatykite kokius palankius keitimo kursus si\u016blo old-cash. Spustel\u0117kite turimos valiutos piktogram\u0105 ir prid\u0117kite pasirinktus banknotus \u012f savo pinigin\u0119. [\/vc_column_text][\/vc_column][\/vc_row][vc_row][vc_column][vc_raw_html]PHA+W3djal93aG9sZXNhbGVfcHJpY2VfdGFibGVdIFt0YWJsZSBpZD0zIGNhY2hlX3RhYmxlX291dHB1dD1mYWxzZSAvXTwvcD4=[\/vc_raw_html][\/vc_column][\/vc_row][vc_row][vc_column][vc_column_text] Kitos valiutos Jei turite kit\u0173 nenurodyt\u0173 svetain\u0117je banknot\u0173, atsi\u0173skite [&hellip;]<\/p>\n","protected":false},"author":1,"featured_media":0,"parent":0,"menu_order":0,"comment_status":"closed","ping_status":"closed","template":"","meta":{"footnotes":""},"class_list":["post-10765","page","type-page","status-publish","hentry"],"_links":{"self":[{"href":"https:\/\/old-cash.com\/lt\/wp-json\/wp\/v2\/pages\/10765","targetHints":{"allow":["GET"]}}],"collection":[{"href":"https:\/\/old-cash.com\/lt\/wp-json\/wp\/v2\/pages"}],"about":[{"href":"https:\/\/old-cash.com\/lt\/wp-json\/wp\/v2\/types\/page"}],"author":[{"embeddable":true,"href":"https:\/\/old-cash.com\/lt\/wp-json\/wp\/v2\/users\/1"}],"replies":[{"embeddable":true,"href":"https:\/\/old-cash.com\/lt\/wp-json\/wp\/v2\/comments?post=10765"}],"version-history":[{"count":9,"href":"https:\/\/old-cash.com\/lt\/wp-json\/wp\/v2\/pages\/10765\/revisions"}],"predecessor-version":[{"id":15517,"href":"https:\/\/old-cash.com\/lt\/wp-json\/wp\/v2\/pages\/10765\/revisions\/15517"}],"wp:attachment":[{"href":"https:\/\/old-cash.com\/lt\/wp-json\/wp\/v2\/media?parent=10765"}],"curies":[{"name":"wp","href":"https:\/\/api.w.org\/{rel}","templated":true}]}}