{"id":12716,"date":"2020-05-24T17:43:53","date_gmt":"2020-05-24T17:43:53","guid":{"rendered":"https:\/\/old-cash.com\/other-currencies\/"},"modified":"2020-08-17T11:29:37","modified_gmt":"2020-08-17T11:29:37","slug":"other-currencies","status":"publish","type":"page","link":"https:\/\/old-cash.com\/lt\/other-currencies\/","title":{"rendered":"Kitos valiutos"},"content":{"rendered":"<div class=\"wpb-content-wrapper\"><p>[vc_row][vc_column][vc_custom_heading text=&#8221;Kitos valiutos&#8221; font_container=&#8221;tag:h1|text_align:left&#8221; use_theme_fonts=&#8221;yes&#8221;][\/vc_column][\/vc_row][vc_row][vc_column][vc_column_text]Jei turite kit\u0173 nenurodyt\u0173 svetain\u0117je banknot\u0173, atsi\u0173skite el. pa\u0161tu: <a href=\"mailto:office@old-cash.com\">office@old-cash.com<\/a> tiksli\u0105 sum\u0105 ir pavadinim\u0105 valiutos, kuri\u0105 norite i\u0161keisti, o atsakyme \u012f savo lai\u0161k\u0105 gausite m\u016bs\u0173 komandos atlikt\u0105 nemokam\u0105 \u012fvertinim\u0105. Jei neturite galimyb\u0117s identifikuoti turim\u0173 valiut\u0173, prie siun\u010diamo lai\u0161ko prisekite banknot\u0173 nuotraukas.[\/vc_column_text][\/vc_column][\/vc_row]<\/p>\n<\/div>","protected":false},"excerpt":{"rendered":"<p>[vc_row][vc_column][vc_custom_heading text=&#8221;Kitos valiutos&#8221; font_container=&#8221;tag:h1|text_align:left&#8221; use_theme_fonts=&#8221;yes&#8221;][\/vc_column][\/vc_row][vc_row][vc_column][vc_column_text]Jei turite kit\u0173 nenurodyt\u0173 svetain\u0117je banknot\u0173, atsi\u0173skite el. pa\u0161tu: office@old-cash.com tiksli\u0105 sum\u0105 ir pavadinim\u0105 valiutos, kuri\u0105 norite i\u0161keisti, o atsakyme \u012f savo lai\u0161k\u0105 gausite m\u016bs\u0173 komandos atlikt\u0105 nemokam\u0105 \u012fvertinim\u0105. Jei neturite galimyb\u0117s identifikuoti turim\u0173 valiut\u0173, prie siun\u010diamo lai\u0161ko prisekite banknot\u0173 nuotraukas.[\/vc_column_text][\/vc_column][\/vc_row]<\/p>\n","protected":false},"author":2,"featured_media":0,"parent":0,"menu_order":0,"comment_status":"closed","ping_status":"closed","template":"","meta":{"footnotes":""},"class_list":["post-12716","page","type-page","status-publish","hentry"],"_links":{"self":[{"href":"https:\/\/old-cash.com\/lt\/wp-json\/wp\/v2\/pages\/12716","targetHints":{"allow":["GET"]}}],"collection":[{"href":"https:\/\/old-cash.com\/lt\/wp-json\/wp\/v2\/pages"}],"about":[{"href":"https:\/\/old-cash.com\/lt\/wp-json\/wp\/v2\/types\/page"}],"author":[{"embeddable":true,"href":"https:\/\/old-cash.com\/lt\/wp-json\/wp\/v2\/users\/2"}],"replies":[{"embeddable":true,"href":"https:\/\/old-cash.com\/lt\/wp-json\/wp\/v2\/comments?post=12716"}],"version-history":[{"count":4,"href":"https:\/\/old-cash.com\/lt\/wp-json\/wp\/v2\/pages\/12716\/revisions"}],"predecessor-version":[{"id":15364,"href":"https:\/\/old-cash.com\/lt\/wp-json\/wp\/v2\/pages\/12716\/revisions\/15364"}],"wp:attachment":[{"href":"https:\/\/old-cash.com\/lt\/wp-json\/wp\/v2\/media?parent=12716"}],"curies":[{"name":"wp","href":"https:\/\/api.w.org\/{rel}","templated":true}]}}