{"id":10555,"date":"2016-07-05T02:47:34","date_gmt":"2016-07-05T02:47:34","guid":{"rendered":"https:\/\/old-cash.com\/faqs\/"},"modified":"2020-01-02T20:42:17","modified_gmt":"2020-01-02T20:42:17","slug":"faqs","status":"publish","type":"page","link":"https:\/\/old-cash.com\/pl\/faqs\/","title":{"rendered":"FAQs"},"content":{"rendered":"<div class=\"wpb-content-wrapper\"><p>[vc_row][vc_column][vc_custom_heading text=&#8221;Frequently Asked Questions&#8221; use_theme_fonts=&#8221;yes&#8221; el_class=&#8221;shorter&#8221;][vc_empty_space height=&#8221;40px&#8221;][\/vc_column][\/vc_row][vc_row][vc_column]<div class=\"porto-faqs porto-faqsqd10 wpb_content_element \">\r\n\t<div class=\"page-faqs clearfix wpb_custom_7fe7ddf8f1a240d6488c8a8c41279112\" id=\"porto_faqs_74uk\">\r\n\r\n\t\t\r\n\t\t\r\n\t\t<div class=\"faq-row faqs-container\">\r\n\t\t\t\r\n<div class=\"faq brand-it-lt-pl post-10567 type-faq status-publish hentry faq_cat-brand-it-lt-pl\">\r\n\t<section class=\"toggle\">\r\n\t\t<label>1. Jakie banknoty mo\u017cna wymieni\u0107 za po\u015brednictwem old-cash ?<\/label>\r\n\t\t<div class=\"toggle-content\">\r\n\t\t<h3 class=\"entry-title\" style=\"display: none;\">1. Jakie banknoty mo\u017cna wymieni\u0107 za po\u015brednictwem old-cash ?<\/h3><span class=\"vcard\" style=\"display: none;\"><span class=\"fn\"><a href=\"https:\/\/old-cash.com\/pl\/author\/admin\/\" title=\"Wpisy od admin\" rel=\"author\">admin<\/a><\/span><\/span><span class=\"updated\" style=\"display:none\">2021-01-01T13:14:59+02:00<\/span>[vc_row][vc_column][vc_column_text]Wymieniamy aktualne banknoty obiegowe oraz wycofane z obiegu w tym r\u00f3wnie\u017c stare i zniszczone.\r\nKatalog walut wraz ze zdj\u0119ciami i aktualnymi cenami dost\u0119pny jest w zak\u0142adce \"<a href=\"https:\/\/old-cash.com\/exchange-rates\/?lang=pl\">tabela kurs\u00f3w walut<\/a>\".[\/vc_column_text][\/vc_column][\/vc_row]\t\t<\/div>\r\n\t<\/section>\r\n<\/div>\r\n\r\n<div class=\"faq design-it-lt-pl post-10573 type-faq status-publish hentry faq_cat-design-it-lt-pl\">\r\n\t<section class=\"toggle\">\r\n\t\t<label>2. W jaki spos\u00f3b i gdzie dokona\u0107 wymiany, jak\u0105 kwot\u0119 otrzymam ?<\/label>\r\n\t\t<div class=\"toggle-content\">\r\n\t\t<h3 class=\"entry-title\" style=\"display: none;\">2. W jaki spos\u00f3b i gdzie dokona\u0107 wymiany, jak\u0105 kwot\u0119 otrzymam ?<\/h3><span class=\"vcard\" style=\"display: none;\"><span class=\"fn\"><a href=\"https:\/\/old-cash.com\/pl\/author\/admin\/\" title=\"Wpisy od admin\" rel=\"author\">admin<\/a><\/span><\/span><span class=\"updated\" style=\"display:none\">2020-10-11T11:31:02+02:00<\/span>[vc_row][vc_column][vc_column_text]Transakcji dokonasz wysy\u0142aj\u0105c banknoty poprzez kuriera lub poczt\u0119 do naszego oddzia\u0142u w Warszawie.\r\nMo\u017cesz tak\u017ce pojawi\u0107 si\u0119 osobi\u015bcie i dokona\u0107 bezpo\u015bredniej wymiany. W obu przypadkach za wymian\u0119\r\nbanknot\u00f3w otrzymasz zap\u0142at\u0119 w jednej z czterech dost\u0119pnych walut ( EUR, USD, GBP, PLN ).\r\nNie posiadamy innych oddzia\u0142\u00f3w na terenie Polski ani UE, lecz w przypadku wi\u0119kszych transakcji istnieje\r\nmo\u017cliwo\u015b\u0107 odbioru banknot\u00f3w od klienta.[\/vc_column_text][\/vc_column][\/vc_row]\t\t<\/div>\r\n\t<\/section>\r\n<\/div>\r\n\r\n<div class=\"faq logo-pl post-10579 type-faq status-publish hentry faq_cat-logo-pl\">\r\n\t<section class=\"toggle\">\r\n\t\t<label>3. Jak mog\u0119 przes\u0142a\u0107 banknoty i co powinnem wiedzie\u0107 o takiej wymianie ?<\/label>\r\n\t\t<div class=\"toggle-content\">\r\n\t\t<h3 class=\"entry-title\" style=\"display: none;\">3. Jak mog\u0119 przes\u0142a\u0107 banknoty i co powinnem wiedzie\u0107 o takiej wymianie ?<\/h3><span class=\"vcard\" style=\"display: none;\"><span class=\"fn\"><a href=\"https:\/\/old-cash.com\/pl\/author\/admin\/\" title=\"Wpisy od admin\" rel=\"author\">admin<\/a><\/span><\/span><span class=\"updated\" style=\"display:none\">2020-01-03T12:07:09+02:00<\/span>[vc_row][vc_column][vc_column_text]Przesy\u0142k\u0119, kt\u00f3rej waro\u015b\u0107 nie przekracza r\u00f3wnowarto\u015bci 1000 euro (wed\u0142ug aktualnej tabeli kurs\u00f3w walut\r\nTwojego banku) mo\u017cna wys\u0142a\u0107 za po\u015brednictwem poczty lub firmy kurierskiej, ubezpieczaj\u0105c j\u0105 na wypadek\r\nzagubienia lub kradzie\u017cy. Zap\u0142at\u0119 za banknoty otrzymasz na konto banknowe w ci\u0105gu 5 dni roboczych\r\nod daty dostarczenia przesy\u0142ki.\r\nWyb\u00f3r firmy kurierskiej, koszt przesy\u0142ki i koszt ubezpieczenia przesy\u0142ki le\u017c\u0105 po stronie do klienta.[\/vc_column_text][\/vc_column][\/vc_row]\t\t<\/div>\r\n\t<\/section>\r\n<\/div>\r\n\r\n<div class=\"faq brand-it-lt-pl post-10585 type-faq status-publish hentry faq_cat-brand-it-lt-pl\">\r\n\t<section class=\"toggle\">\r\n\t\t<label>4. Co zrobi\u0107 je\u015bli chce dokona\u0107 wymiany osobi\u015bcie w waszej plac\u00f3wce ?<\/label>\r\n\t\t<div class=\"toggle-content\">\r\n\t\t<h3 class=\"entry-title\" style=\"display: none;\">4. Co zrobi\u0107 je\u015bli chce dokona\u0107 wymiany osobi\u015bcie w waszej plac\u00f3wce ?<\/h3><span class=\"vcard\" style=\"display: none;\"><span class=\"fn\"><a href=\"https:\/\/old-cash.com\/pl\/author\/admin\/\" title=\"Wpisy od admin\" rel=\"author\">admin<\/a><\/span><\/span><span class=\"updated\" style=\"display:none\">2020-10-11T11:32:06+02:00<\/span>[vc_row][vc_column][vc_column_text]Zapraszamy do naszego oddzia\u0142u znajduj\u0105cego si\u0119 w Warszawie. W zak\u0142adce kontakt znajdziesz adres\r\nnaszej plac\u00f3wki wraz z map\u0105 dojazdu oraz zdj\u0119cia naszej siedziby, aby u\u0142atwi\u0107 Ci przybycie.\r\nW przypadku wymiany wi\u0119kszych kwot poinformuj nas wcze\u015bniej o tym fakcie telefonicznie aby\u015bmy\r\nmogli przygotowa\u0107 odpowiedni\u0105 ilo\u015b\u0107 got\u00f3wki w wybranej przez Ciebie walucie. W przypadku wymiany\r\nbanknot\u00f3w uszkodzonych prze\u015blij poprzez e-mail zdj\u0119cie zniszczonych banknot\u00f3w i kontaktowy\r\nnumer telefonu. Zapoznaj si\u0119 z limitami transakcyjnymi i zasadami opisanymi w kolejnym punkcie.[\/vc_column_text][\/vc_column][\/vc_row]\t\t<\/div>\r\n\t<\/section>\r\n<\/div>\r\n\r\n<div class=\"faq design-it-lt-pl post-10592 type-faq status-publish hentry faq_cat-design-it-lt-pl\">\r\n\t<section class=\"toggle\">\r\n\t\t<label>5. Czy obowi\u0105zuj\u0105 jakie\u015b maksymalne i minimalne limity transakcji lub inne ograniczenia ?<\/label>\r\n\t\t<div class=\"toggle-content\">\r\n\t\t<h3 class=\"entry-title\" style=\"display: none;\">5. Czy obowi\u0105zuj\u0105 jakie\u015b maksymalne i minimalne limity transakcji lub inne ograniczenia ?<\/h3><span class=\"vcard\" style=\"display: none;\"><span class=\"fn\"><a href=\"https:\/\/old-cash.com\/pl\/author\/admin\/\" title=\"Wpisy od admin\" rel=\"author\">admin<\/a><\/span><\/span><span class=\"updated\" style=\"display:none\">2021-01-01T13:19:17+02:00<\/span>[vc_row][vc_column][vc_column_text]Maksymalny limit dla transakcji wysy\u0142kowych nie mo\u017ce przekracza\u0107 r\u00f3wnowarto\u015bci 1000 euro.\r\n\r\nJako podmiot stosuj\u0105cy \u015brodki bezpiecze\u0144stwa finansowego zarejestrowany na terenie UE zobowi\u0105zani\r\njeste\u015bmy do przestrzegania europejskich oraz polskich akt\u00f3w prawnych a w szczeg\u00f3lno\u015bci:\r\n\r\n- Dyrektywy Parlamentu Europejskiego i Rady (UE) 2015\/849 z dnia 20 maja 2015 r. w sprawie\r\nzapobiegania wykorzystywaniu systemu finansowego do prania pieni\u0119dzy lub finansowania terroryzmu\r\n\r\n- Ustawy Rzeczpospolitej Polskiej z dnia 1 marca 2018 r. o przeciwdzia\u0142aniu praniu pieni\u0119dzy oraz\r\nfinansowaniu terroryzmu ( Dziennik Ustaw 2018 poz. 723 )\r\n\r\nwraz z p\u00f3\u017aniejszymi zmianami\r\n\r\nDzia\u0142aj\u0105c jako podmiot posiadaj\u0105cy zezwolenie Narodowego Banku Polskiego na wykonywanie dzia\u0142alno\u015bci\r\nkantorowej stworzyli\u015bmy i wprowadzili\u015bmy w \u017cycie wewn\u0119trzn\u0105 procedur\u0119 stosowania \u015brodk\u00f3w bezpiecze\u0144stwa\r\nfinansowego. Przy transakcjach wymiany powy\u017cej r\u00f3wnowarto\u015bci 15 000 euro ( przeliczanych wed\u0142ug \u015bredniego\r\nkursu NBP z dnia dokonywania transakcji ) obowi\u0105zkowo wymagamy przedstawienia aktualnego dokumentu\r\nto\u017csamo\u015bci i dokument\u00f3w potwierdzaj\u0105cych \u017ar\u00f3d\u0142o pochodzenia \u015brodk\u00f3w b\u0119d\u0105cych przedmiotem wymiany.\r\nKontroli dewizowej podlegaj\u0105 tak\u017ce transakcje oko\u0142oprogowe oraz transkacje niskiej warto\u015bci \u0142\u0105czone w ca\u0142o\u015b\u0107.\r\nZapraszamy do pobrania \"<a href=\"http:\/\/old-cash.com\/files\/old-cash-pl.pdf\">formularza wymiany<\/a>\" niezb\u0119dnego do wymiany wysy\u0142kowej oraz do zapoznania si\u0119 i\r\npobrania innych wa\u017cnych dokument\u00f3w.\r\n\r\nNie istnieje minimalna kwota transkacji, czyli mo\u017cesz u nas wymieni\u0107 nawet niewiele wart banknot.[\/vc_column_text][\/vc_column][\/vc_row]\t\t<\/div>\r\n\t<\/section>\r\n<\/div>\r\n\r\n<div class=\"faq logo-pl post-10598 type-faq status-publish hentry faq_cat-logo-pl\">\r\n\t<section class=\"toggle\">\r\n\t\t<label>6. Czy mo\u017cna za po\u015brednictwem old-cash wymieni\u0107 monety ?<\/label>\r\n\t\t<div class=\"toggle-content\">\r\n\t\t<h3 class=\"entry-title\" style=\"display: none;\">6. Czy mo\u017cna za po\u015brednictwem old-cash wymieni\u0107 monety ?<\/h3><span class=\"vcard\" style=\"display: none;\"><span class=\"fn\"><a href=\"https:\/\/old-cash.com\/pl\/author\/admin\/\" title=\"Wpisy od admin\" rel=\"author\">admin<\/a><\/span><\/span><span class=\"updated\" style=\"display:none\">2020-01-03T12:58:01+02:00<\/span>[vc_row][vc_column][vc_column_text]Nie skupujemy monet. Je\u015bli zdecydujesz si\u0119 na ich dostarczenie to zostan\u0105 one przekazane bez mo\u017cliwo\u015bci\r\nzwrotu na cele charytatywne. Regularnie wspieramy dzia\u0142alno\u015bc polskich si\u00f3str prowadz\u0105cych misje w\r\n\u015brodkowej Afryce, zdj\u0119cia i podzi\u0119kowania znajdziesz tutaj.[\/vc_column_text][\/vc_column][\/vc_row]\t\t<\/div>\r\n\t<\/section>\r\n<\/div>\r\n\r\n<div class=\"faq design-it-lt-pl post-10604 type-faq status-publish hentry faq_cat-design-it-lt-pl\">\r\n\t<section class=\"toggle\">\r\n\t\t<label>7. Czy s\u0105 jakie\u015b dodatkowe op\u0142aty lub prowizje ?<\/label>\r\n\t\t<div class=\"toggle-content\">\r\n\t\t<h3 class=\"entry-title\" style=\"display: none;\">7. Czy s\u0105 jakie\u015b dodatkowe op\u0142aty lub prowizje ?<\/h3><span class=\"vcard\" style=\"display: none;\"><span class=\"fn\"><a href=\"https:\/\/old-cash.com\/pl\/author\/admin\/\" title=\"Wpisy od admin\" rel=\"author\">admin<\/a><\/span><\/span><span class=\"updated\" style=\"display:none\">2020-01-03T13:04:42+02:00<\/span>[vc_row][vc_column][vc_column_text]Old-cash nie pobiera \u017cadnych dodatkowych op\u0142at i prowizji.\r\nPrzelewy zagraniczne realizujemy w opcji typu SHA (koszty przelewu s\u0105 dzielone mi\u0119dzy nadawc\u0119 i\r\nodbiorc\u0119 przelewu, przy czym old-cash pokrywa prowizj\u0119 swojego banku, za\u015b ewentualnymi\r\npozosta\u0142ymi kosztami jest obci\u0105\u017cany odbiorca przez sw\u00f3j bank zgodnie z tabel\u0105 op\u0142at i prowizji).\r\nUpewnij si\u0119 i\u017c wybrana waluta p\u0142atno\u015bci jest to\u017csama z walut\u0105 w kt\u00f3rej prowadzone jest Twoje konto\r\nbankowe. W przeciwnym razie bank w kt\u00f3rym posiadasz konto dokona niekorzystnego dla Ciebie\r\nprzewalutowania, z waluty kt\u00f3r\u0105 wybra\u0142e\u015b jako metoda p\u0142atno\u015bci na walut\u0119 w kt\u00f3rej masz prowadzone\r\nkonto bankowe.[\/vc_column_text][\/vc_column][\/vc_row]\t\t<\/div>\r\n\t<\/section>\r\n<\/div>\r\n\r\n<div class=\"faq post-10610 type-faq status-publish hentry\">\r\n\t<section class=\"toggle\">\r\n\t\t<label>8. Czy mog\u0119 zaufa\u0107 old-cash i czy posiadacie jakie\u015b referencje ?<\/label>\r\n\t\t<div class=\"toggle-content\">\r\n\t\t<h3 class=\"entry-title\" style=\"display: none;\">8. Czy mog\u0119 zaufa\u0107 old-cash i czy posiadacie jakie\u015b referencje ?<\/h3><span class=\"vcard\" style=\"display: none;\"><span class=\"fn\"><a href=\"https:\/\/old-cash.com\/pl\/author\/admin\/\" title=\"Wpisy od admin\" rel=\"author\">admin<\/a><\/span><\/span><span class=\"updated\" style=\"display:none\">2024-01-19T14:56:01+02:00<\/span>[vc_row][vc_column][vc_column_text]Je\u015bte\u015bmy firm\u0105 zajumj\u0105c\u0105 si\u0119 obrotem walutami od ponad 10 lat. Posiadamy zezwolenie <a href=\"https:\/\/kantor.nbp.pl\/\" target=\"_blank\" rel=\"noopener\">nr 20261<\/a>\u00a0na skup i sprzeda\u017c warto\u015bci dewizowych oraz po\u015brednictwo w ich skupie i sprzeda\u017cy, wydane przez Narodowy Bank Polski, kt\u00f3ry jest organem nadzoruj\u0105cym nasz\u0105 dzia\u0142alno\u015b\u0107 kantorow\u0105.\r\nCieszymy si\u0119 dobrymi opiniami naszych klient\u00f3w potwierdzonymi wysokimi obrotami przekraczaj\u0105cymi rocznie kilkadziesi\u0105t milion\u00f3w euro. Mo\u017cesz tak\u017ce sprawdzi\u0107 nasze <a href=\"https:\/\/old-cash.com\/reviews\/?lang=pl\">referencje<\/a>, kt\u00f3re s\u0105 umieszczane przez naszych klient\u00f3w i kontrahent\u00f3w na naszym profilu na <a href=\"https:\/\/old-cash.com\/reviews\/?lang=pl\">facebooku<\/a>.[\/vc_column_text][\/vc_column][\/vc_row]\t\t<\/div>\r\n\t<\/section>\r\n<\/div>\r\n\r\n<div class=\"faq post-10616 type-faq status-publish hentry\">\r\n\t<section class=\"toggle\">\r\n\t\t<label>9. Czy mog\u0119 wymieni\u0107 uszkodzone banknoty lub te kt\u00f3rych nie ma przedstawionych na stronie ?<\/label>\r\n\t\t<div class=\"toggle-content\">\r\n\t\t<h3 class=\"entry-title\" style=\"display: none;\">9. Czy mog\u0119 wymieni\u0107 uszkodzone banknoty lub te kt\u00f3rych nie ma przedstawionych na stronie ?<\/h3><span class=\"vcard\" style=\"display: none;\"><span class=\"fn\"><a href=\"https:\/\/old-cash.com\/pl\/author\/admin\/\" title=\"Wpisy od admin\" rel=\"author\">admin<\/a><\/span><\/span><span class=\"updated\" style=\"display:none\">2020-10-11T11:33:12+02:00<\/span>[vc_row][vc_column][vc_column_text]Tak, prze\u015blij na nasz\u0105 skrzynk\u0119 mailow\u0105: office@old-cash.com zdj\u0119cie banknot\u00f3w kt\u00f3ry chcesz sprzeda\u0107\r\na nasz zesp\u00f3\u0142 wyceni posiadan\u0105 przez Ciebie walut\u0119 i prze\u015ble dalsze informacje w celu finalizacji\r\ntransakcji. Przy banknotach zniszczonych wycena uzale\u017cniona jest od stopnia uszkodzenia banknotu, a\r\nw przypadku braku mo\u017cliwo\u015bci ustalenia autentyczno\u015bci banknotu lub nadmiernych uszkodze\u0144 zastrzegamy\r\nsobie prawo do odst\u0105pienia od realizacji transakcji. Wys\u0142ane banknoty s\u0105 wtedy mo\u017cliwe do odbioru\r\nwy\u0142\u0105cznie w siedzibie naszego oddzia\u0142u w Warszawie.[\/vc_column_text][\/vc_column][\/vc_row]\t\t<\/div>\r\n\t<\/section>\r\n<\/div>\r\n\r\n<div class=\"faq post-10622 type-faq status-publish hentry\">\r\n\t<section class=\"toggle\">\r\n\t\t<label>10. Nie mog\u0119 wydrukowa\u0107 &#8222;exchange form&#8221; , czy mimo to mog\u0119 wys\u0142a\u0107 banknoty ?<\/label>\r\n\t\t<div class=\"toggle-content\">\r\n\t\t<h3 class=\"entry-title\" style=\"display: none;\">10. Nie mog\u0119 wydrukowa\u0107 &#8222;exchange form&#8221; , czy mimo to mog\u0119 wys\u0142a\u0107 banknoty ?<\/h3><span class=\"vcard\" style=\"display: none;\"><span class=\"fn\"><a href=\"https:\/\/old-cash.com\/pl\/author\/admin\/\" title=\"Wpisy od admin\" rel=\"author\">admin<\/a><\/span><\/span><span class=\"updated\" style=\"display:none\">2020-01-03T20:13:49+02:00<\/span>[vc_row][vc_column][vc_column_text]Jasne, je\u015bli masz k\u0142opot w wydrukiem wystarczy \u017ce do\u0142\u0105czysz do banknot\u00f3w adres mailowy lub numer\r\nreferencyjny sprawy na podstawie kt\u00f3rej zidentyfikujemy Twoj\u0105 transakcje. Dane identyfikacyjne warto\r\nr\u00f3wnie\u017c umie\u015bci\u0107 na kopercie lub paczce.[\/vc_column_text][\/vc_column][\/vc_row]\t\t<\/div>\r\n\t<\/section>\r\n<\/div>\r\n\r\n<div class=\"faq post-10628 type-faq status-publish hentry\">\r\n\t<section class=\"toggle\">\r\n\t\t<label>11. Zako\u0144czony zosta\u0142 proces sprzeda\u017cy na stronie internetowej i mam ju\u017c gotow\u0105 przesy\u0142k\u0119, ile mam czasu na wys\u0142anie banknot\u00f3w do old-cash.com ?<\/label>\r\n\t\t<div class=\"toggle-content\">\r\n\t\t<h3 class=\"entry-title\" style=\"display: none;\">11. Zako\u0144czony zosta\u0142 proces sprzeda\u017cy na stronie internetowej i mam ju\u017c gotow\u0105 przesy\u0142k\u0119, ile mam czasu na wys\u0142anie banknot\u00f3w do old-cash.com ?<\/h3><span class=\"vcard\" style=\"display: none;\"><span class=\"fn\"><a href=\"https:\/\/old-cash.com\/pl\/author\/admin\/\" title=\"Wpisy od admin\" rel=\"author\">admin<\/a><\/span><\/span><span class=\"updated\" style=\"display:none\">2020-01-03T20:37:13+02:00<\/span>[vc_row][vc_column][vc_column_text]Nasza polityka cenowa zak\u0142ada utrzymywanie mo\u017cliwie najlepszych kurs\u00f3w walutowych dla klienta.\r\nZmiany cen na rynku walutowym czasami bywaj\u0105 bardzo dynamiczne, wi\u0119c aby zapewni\u0107 Ci najlepsz\u0105 cen\u0119\r\nza sprzedawane waluty prosimy Ci\u0119 o nadanie przesy\u0142ki najp\u00f3\u017aniej nast\u0119pnego dnia po zako\u0144czeniu\r\nprocesu dodawania banknot\u00f3w do portfela. Oczywi\u015bl\u0119 je\u015bli zapomnisz o wysy\u0142ce i zrobisz to kilka\r\ndni p\u00f3\u017aniej a kursy walutowe utrzymywane b\u0119d\u0105 na stabilnym poziomie nie b\u0119dzie \u017cadnych problem\u00f3w\r\nz realizacj\u0105 transakcji.[\/vc_column_text][\/vc_column][\/vc_row]\t\t<\/div>\r\n\t<\/section>\r\n<\/div>\r\n\r\n<div class=\"faq post-10635 type-faq status-publish hentry\">\r\n\t<section class=\"toggle\">\r\n\t\t<label>12. Mieszkam poza obszarem Uni Europejskiej, czy mog\u0119 wys\u0142ac Wam banknoty ?<\/label>\r\n\t\t<div class=\"toggle-content\">\r\n\t\t<h3 class=\"entry-title\" style=\"display: none;\">12. Mieszkam poza obszarem Uni Europejskiej, czy mog\u0119 wys\u0142ac Wam banknoty ?<\/h3><span class=\"vcard\" style=\"display: none;\"><span class=\"fn\"><a href=\"https:\/\/old-cash.com\/pl\/author\/admin\/\" title=\"Wpisy od admin\" rel=\"author\">admin<\/a><\/span><\/span><span class=\"updated\" style=\"display:none\">2020-01-03T20:49:54+02:00<\/span>[vc_row][vc_column][vc_column_text]Tak, jeste\u015bmy serwisem mi\u0119dzynarodowym i obs\u0142ugujemy transakcje z r\u00f3\u017cnych cz\u0119sci \u015bwiata.[\/vc_column_text][\/vc_column][\/vc_row]\t\t<\/div>\r\n\t<\/section>\r\n<\/div>\r\n\t\t<\/div>\r\n\r\n\t\t\r\n\t<\/div>\r\n\r\n\t\r\n\t<\/div>[vc_empty_space height=&#8221;1px&#8221;][\/vc_column][\/vc_row]<\/p>\n<\/div>","protected":false},"excerpt":{"rendered":"<p>[vc_row][vc_column][vc_custom_heading text=&#8221;Frequently Asked Questions&#8221; use_theme_fonts=&#8221;yes&#8221; el_class=&#8221;shorter&#8221;][vc_empty_space height=&#8221;40px&#8221;][\/vc_column][\/vc_row][vc_row][vc_column][vc_empty_space height=&#8221;1px&#8221;][\/vc_column][\/vc_row]<\/p>\n","protected":false},"author":1,"featured_media":0,"parent":0,"menu_order":0,"comment_status":"closed","ping_status":"closed","template":"","meta":{"footnotes":""},"class_list":["post-10555","page","type-page","status-publish","hentry"],"_links":{"self":[{"href":"https:\/\/old-cash.com\/pl\/wp-json\/wp\/v2\/pages\/10555","targetHints":{"allow":["GET"]}}],"collection":[{"href":"https:\/\/old-cash.com\/pl\/wp-json\/wp\/v2\/pages"}],"about":[{"href":"https:\/\/old-cash.com\/pl\/wp-json\/wp\/v2\/types\/page"}],"author":[{"embeddable":true,"href":"https:\/\/old-cash.com\/pl\/wp-json\/wp\/v2\/users\/1"}],"replies":[{"embeddable":true,"href":"https:\/\/old-cash.com\/pl\/wp-json\/wp\/v2\/comments?post=10555"}],"version-history":[{"count":1,"href":"https:\/\/old-cash.com\/pl\/wp-json\/wp\/v2\/pages\/10555\/revisions"}],"predecessor-version":[{"id":10561,"href":"https:\/\/old-cash.com\/pl\/wp-json\/wp\/v2\/pages\/10555\/revisions\/10561"}],"wp:attachment":[{"href":"https:\/\/old-cash.com\/pl\/wp-json\/wp\/v2\/media?parent=10555"}],"curies":[{"name":"wp","href":"https:\/\/api.w.org\/{rel}","templated":true}]}}