{"id":10733,"date":"2019-12-02T13:09:07","date_gmt":"2019-12-02T13:09:07","guid":{"rendered":"https:\/\/old-cash.com\/privacy-policy\/"},"modified":"2024-01-05T15:00:08","modified_gmt":"2024-01-05T13:00:08","slug":"privacy-policy","status":"publish","type":"page","link":"https:\/\/old-cash.com\/pl\/privacy-policy\/","title":{"rendered":"Polityka prywatno\u015bci"},"content":{"rendered":"<div class=\"wpb-content-wrapper\"><p>[vc_row][vc_column][vc_custom_heading text=&#8221;Polityka prywatno\u015bci | Old-cash.com&#8221; use_theme_fonts=&#8221;yes&#8221;][\/vc_column][\/vc_row][vc_row][vc_column][vc_column_text]Informacje dotycz\u0105ce zbierania danych od osoby, kt\u00f3rej dane dotycz\u0105.<\/p>\n<p>Powa\u017cnie podchodzimy do kwestii ochrony danych osobowych naszych klient\u00f3w i zobowi\u0105zujemy si\u0119 zapewni\u0107 j\u0105 na odpowiednim poziomie. Niniejsze zasady opisuj\u0105, jakie dane klient\u00f3w Old-cash.com s\u0105 gromadzone w ramach serwisu prowadz\u0105cego pod firm\u0105:<br \/>\nEuro Artur Romanik, ul. Kobielska 23, 04-359 Warszawa, NIP: 5342078947, REGON 360029387, adres e-mail: office@old-cash.com, telefon: +48 22 118 39 60<br \/>\noraz w jaki spos\u00f3b chronimy i przetwarzamy Twoje dane osobowe.<\/p>\n<p>W zwi\u0105zku z rozpocz\u0119ciem stosowania z dniem 25 maja 2018 r. Rozporz\u0105dzenia Parlamentu Europejskiego i Rady (UE) 2016\/679 z dnia 27 kwietnia 2016 r. w sprawie ochrony os\u00f3b fizycznych w zwi\u0105zku z przetwarzaniem danych osobowych i w sprawie swobodnego przep\u0142ywu takich danych oraz uchylenia dyrektywy 95\/46\/WE (og\u00f3lne rozporz\u0105dzenie o ochronie danych) (dalej: \u201eRozporz\u0105dzenie\u201d, zwane r\u00f3wnie\u017c potocznie \u201eRODO\u201d) informujemy, i\u017c od dnia 25 maja 2018 r. przys\u0142uguj\u0105 Ci okre\u015blone poni\u017cej prawa zwi\u0105zane z przetwarzaniem przez nas Twoich danych osobowych. Jednocze\u015bnie na podstawie art. 13 Rozporz\u0105dzenia informujemy, i\u017c od dnia 25 maja 2018r. aktualne s\u0105 poni\u017csze informacje i zasady zwi\u0105zane z przetwarzaniem Twoich danych osobowych. Od tej daty Rozporz\u0105dzenie jest bezpo\u015brednio stosowane w Polsce.[\/vc_column_text][vc_custom_heading text=&#8221;SPIS TRE\u015aCI&#8221; use_theme_fonts=&#8221;yes&#8221;][vc_column_text]1. Administrator danych osobowych.<br \/>\n2. Cele i podstawy przetwarzania.<br \/>\n3. Kt\u00f3re dane nale\u017cy nam poda\u0107?<br \/>\n4. Odbiorcy danych.<br \/>\n5. Przekazywanie danych do pa\u0144stw trzecich lub organizacji mi\u0119dzynarodowych.<br \/>\n6. Okres przechowywania danych.<br \/>\n7. Twoje prawa.<br \/>\n8. Informacja o wymogu\/dobrowolno\u015bci podania danych.<br \/>\n9. Informacja o zmianie celu przetwarzania danych przez Administratora.<br \/>\n10. Zgoda.[\/vc_column_text][vc_custom_heading text=&#8221;1. Administrator danych osobowych&#8221; use_theme_fonts=&#8221;yes&#8221;][vc_column_text]Administratorem Twoich danych osobowych jest<br \/>\nEuro Artur Romanik ul. Kobielska 23, 04-359 Warszawa, NIP: 5342078947, REGON 360029387, adres e-mail: office@old-cash.com, telefon: +48 22 414 44 64 (dalej : \u201eOld-cash\u201d).<br \/>\nTo oznacza, i\u017c jako Administrator odpowiadamy za ich wykorzystanie w spos\u00f3b bezpieczny, zgodny z obowi\u0105zuj\u0105cymi przepisami prawa.[\/vc_column_text][vc_custom_heading text=&#8221;2. Cele i podstawy przetwarzania&#8221; use_theme_fonts=&#8221;yes&#8221;][vc_column_text]Old-cash przetwarza Twoje dane osobowe (uzyskane przy rejestracji w ramach Serwisu dokonywanej w celu zawarcia Umowy oraz w trakcie jej trwania) w nast\u0119puj\u0105cych celach:<br \/>\na) w celu zawarcia i wykonywania Umowy oraz podj\u0119cia dzia\u0142a\u0144 przed zawarciem Umowy na podstawie Twojego zainteresowania naszym Serwisem (podstawa z art. 6 ust.1 lit. b) Rozporz\u0105dzenia);<br \/>\nb) w celu wype\u0142nienia obowi\u0105zku prawnego ci\u0105\u017c\u0105cego na nas jako Administratorze (podstawa z art. 6 ust.1 lit. c) Rozporz\u0105dzenia) &#8211; cel ten zwi\u0105zany jest z obowi\u0105zkami prawnymi przechowania okre\u015blonych dokument\u00f3w przez czas wskazany w przepisach prawa, np.: art. 74 ust. 2 pkt 1-8 Ustawy z 29.09.1994 r. o rachunkowo\u015bci (Dz. U. z 2017 r. poz. 1858); art. 86 \u00a71 i 2 Ustawy z dnia 29 sierpnia 1997 r. &#8211; Ordynacja podatkowa (Dz. U. 1997 nr 137 poz. 926).<br \/>\nc) w celach archiwalnych (dowodowych) dla zabezpieczenia informacji na wypadek prawnej potrzeby wykazania fakt\u00f3w, co jest naszym prawnie uzasadnionym interesem (podstawa z art. 6 ust. 1 lit. f) Rozporz\u0105dzenia RODO);<br \/>\nd) w celu ewentualnego ustalenia, dochodzenia lub obrony przed roszczeniami, co jest naszym prawnie uzasadnionym interesem (podstawa z art. 6 ust. 1 lit. f) Rozporz\u0105dzenia);<br \/>\ne) w okre\u015blonym celu na podstawie Twojej zgody na przetwarzanie danych osobowych w jednym lub wi\u0119kszej ilo\u015bci cel\u00f3w (podstawa z art. 6 ust.1 lit. a) Rozporz\u0105dzenia) &#8211; je\u015bli wyrazisz zgod\u0119 na wykorzystywanie Twoich danych, tre\u015b\u0107 tej zgody b\u0119dzie okre\u015bla\u0107 w jakim konkretnie celu b\u0119dziemy przetwarza\u0107 te dane.<\/p>\n<p>Informujemy, i\u017c we wskazanych wy\u017cej celach nie b\u0119dziemy dokonywa\u0107 profilowania, czyli zautomatyzowanej analizy Twoich danych i opracowania przewidywa\u0144 na temat preferencji lub przysz\u0142ych zachowa\u0144 (profilowanie oznacza, np. w przypadku profilowania marketingowego okre\u015blanie, kt\u00f3r\u0105 ofert\u0105 mo\u017cesz by\u0107 najbardziej zainteresowany\/a w oparciu o wcze\u015bniejsze wybory). W przypadku zmiany decyzji dotycz\u0105cej dokonywania profilowania zostaniesz o powy\u017cszym poinformowany\/a poprzez uzupe\u0142nienie niniejszej informacji i przes\u0142anie jej na wskazany przez Ciebie adres poczty elektronicznej.[\/vc_column_text][vc_custom_heading text=&#8221;3. Kt\u00f3re dane nale\u017cy nam poda\u0107? Jakie dane gromadzimy?&#8221; use_theme_fonts=&#8221;yes&#8221;][vc_column_text]Do dokonania Rejestracji w ramach Serwisu i zawarcia Umowy wymagamy podania przez Ciebie danych wskazanych w Formularzu rejestracji (je\u015bli ich nie podasz, nie zawrzemy Umowy). Dodatkowo mo\u017cemy poprosi\u0107 o dane opcjonalne, kt\u00f3re nie maj\u0105 wp\u0142ywu na zawarcie Umowy (je\u015bli ich nie otrzymamy, nie b\u0119dziemy mogli, np. wysy\u0142a\u0107 Newsletter-u lub kontaktowa\u0107 si\u0119 telefonicznie).<br \/>\nW trakcie trwania Umowy, \u015bwiadcz\u0105c us\u0142ugi, wchodzimy w posiadanie innych Twoich danych. Pojawienie si\u0119 u nas Twoich danych osobowych jest konsekwencj\u0105 dzia\u0142ania naszych us\u0142ug, z kt\u00f3rych korzystasz (np. dane o dokonywanych zam\u00f3wieniach).<br \/>\nZawieraj\u0105c Umow\u0119 lub w czasie trwania Umowy mo\u017cesz dodatkowo, np. zam\u00f3wi\u0107 us\u0142ugi nieobj\u0119te dot\u0105d Umow\u0105. Je\u017celi b\u0119dzie to wymaga\u0142o wykorzystania Twoich danych w spos\u00f3b inny ni\u017c opisany w tym dokumencie, brakuj\u0105ce informacje uzupe\u0142nimy i przeka\u017cemy, o ile to mo\u017cliwe, przed uzyskaniem danych. W pozosta\u0142ym zakresie informacje o przetwarzaniu danych zawarte w tym dokumencie pozostan\u0105 aktualne.<br \/>\n&#8211; Aktualne i poprzednie stany zam\u00f3wie\u0144 z oznaczeniem czasu kiedy status zam\u00f3wienia zosta\u0142 zaktualizowany: oczekiwanie \/ przetwarzanie \/ kompletowanie \/ rozbie\u017cno\u015b\u0107 zam\u00f3wienia \/ wstrzymanie realizacji.<br \/>\n&#8211; Nazwisko (nazwiska) pracownik\u00f3w Old-cash, kt\u00f3rzy przetwarzaj\u0105 Twoje zlecenie (zlecenia).<br \/>\n&#8211; Wszelkie wiadomo\u015bci wysy\u0142ane przez pracownik\u00f3w Old-cash dotycz\u0105ce Twojego zam\u00f3wienia.<br \/>\n&#8211; Wyniki przeliczenia waluty oraz opis ewentualnych rozbie\u017cno\u015bci, je\u015bli takie istniej\u0105.<br \/>\n&#8211; \u015aledzenie i informacje o statusie dostawy, je\u015bli korzysta\u0142e\u015b z odpowiedniej metody dostawy.<br \/>\n&#8211; Wszelkie informacje zawarte w zam\u00f3wieniu lub na przesy\u0142ce.<br \/>\n&#8211; Je\u015bli Twoj\u0105 metod\u0105 p\u0142atno\u015bci jest przelew bankowy, a Twoje konto bankowe znajduje si\u0119 poza Polsk\u0105, mo\u017cemy zapyta\u0107 o dat\u0119 urodzenia. Zrobimy to tylko wtedy, gdy bank przyjmuj\u0105cy potrzebuje daty urodzenia nadawcy w celu przetworzenia p\u0142atno\u015bci.<br \/>\nW przypadku zam\u00f3wie\u0144, zar\u00f3wno online, jak i za pomoc\u0105 papierowego formularza, zbieramy nast\u0119puj\u0105ce dane:<br \/>\n&#8211; Preferowana waluta wyp\u0142aty \u015brodk\u00f3w pieni\u0119\u017cnych<br \/>\n&#8211; Kwota po przeliczeniu na wybran\u0105 walut\u0119<br \/>\n\u2022 Imi\u0119<br \/>\n\u2022 Nazwisko<br \/>\n\u2022 Adres<br \/>\n\u2022 Adres e-mail<br \/>\n\u2022 Preferowana metoda wyp\u0142aty \u015brodk\u00f3w[\/vc_column_text][vc_custom_heading text=&#8221;Szczeg\u00f3\u0142y p\u0142atno\u015bci&#8221; font_container=&#8221;tag:h4|text_align:left&#8221; use_theme_fonts=&#8221;yes&#8221;][vc_column_text]Je\u015bli metod\u0105 wyp\u0142aty jest bezpo\u015bredni przelew bankowy: dane rachunku bankowego<br \/>\nJe\u015bli dost\u0119pn\u0105 metoda wyp\u0142aty jest paypal: adres e-mail dla paypal[\/vc_column_text][vc_custom_heading text=&#8221;Dodatkowe informacje, kt\u00f3re mo\u017cemy potrzebowa\u0107&#8221; font_container=&#8221;tag:h4|text_align:left&#8221; use_theme_fonts=&#8221;yes&#8221;][vc_column_text]- Skany\/kserokopie dowodu to\u017csamo\u015bci<br \/>\n&#8211; Informacje o rzeczywistym beneficjencie \u015brodk\u00f3w finansowych<br \/>\n&#8211; Informacje o pochodzeniu funduszy<br \/>\n&#8211; Informacje o osobach\/organizacjach zwi\u0105zanych z beneficjentem<br \/>\n&#8211; Informacje o tym, czy beneficjent jest osob\u0105 zajmuj\u0105c\u0105 stanowisko polityczne, czy te\u017c znajduje si\u0119 na li\u015bcie os\u00f3b obj\u0119tych sankcjami finansowymi\/celowymi.[\/vc_column_text][vc_custom_heading text=&#8221;4. Odbiorcy danych&#8221; use_theme_fonts=&#8221;yes&#8221;][vc_column_text]W zwi\u0105zku z przetwarzaniem danych w celach wskazanych w punkcie 2 niniejszego dokumentu Twoje dane osobowe mog\u0105 by\u0107 udost\u0119pniane innym odbiorcom lub kategoriom odbiorc\u00f3w danych osobowych. Odbiorcami Twoich danych mog\u0105 by\u0107:<br \/>\na) Podmioty, kt\u00f3re przetwarzaj\u0105 Twoje dane osobowe w imieniu Old-cash na podstawie zawartej z nami jako Administratorem umowy powierzania przetwarzania danych osobowych (tzw. podmioty przetwarzaj\u0105ce). B\u0119d\u0105 to: nasi doradcy biznesowi, podmioty zajmuj\u0105ce si\u0119 marketingiem, agenci, ksi\u0119gowi, informatycy, firmy archiwizuj\u0105ce, obs\u0142uga IT, obs\u0142uga kadrowa, szkoleniowcy, podmioty udzielaj\u0105ce licencji na korzystanie z program\u00f3w komputerowych, podmioty udzielaj\u0105ce miejsca na dysku w sieci, kurierzy);<br \/>\nb) Twoi doradcy, jako osoby, kt\u00f3rej dane dotycz\u0105,<br \/>\nc) Bliskie Tobie osoby,<br \/>\nd) Odbiorcy w pa\u0144stwie trzecim lub organizacji mi\u0119dzynarodowej, je\u017celi podejmiemy decyzj\u0119, o takim przekazaniu;<br \/>\ne) Inne podmioty obj\u0119te umow\u0105 o \u015bwiadczenie us\u0142ug (Umow\u0105 zawart\u0105 z Tob\u0105 jako Klientem);<br \/>\nf) Podmioty powi\u0105zane z nami w ramach grupy kapita\u0142owej.[\/vc_column_text][vc_custom_heading text=&#8221;5. Przekazywanie danych do pa\u0144stw trzecich i organizacji mi\u0119dzynarodowych&#8221; use_theme_fonts=&#8221;yes&#8221;][vc_column_text]Nie przekazujemy Twoich danych poza teren Polski, Unii Europejskiej i Europejskiego Obszaru Gospodarczego (obejmuj\u0105cy Uni\u0119 Europejsk\u0105, Norwegi\u0119, Liechtenstein i Islandi\u0119). Ale mo\u017ce si\u0119 okaza\u0107, \u017ce w czasie trwania Umowy zdecydujemy si\u0119 o przekazaniu danych poza EOG \u2013 wy\u0142\u0105cznie w zakresie, na jaki pozwala\u0107 nam b\u0119dzie prawo. Do takiego przekazania dojdzie tylko w sytuacji, kiedy pa\u0144stwo trzecie zapewni odpowiedni\u0105 ochron\u0119 Twoich danych osobowych. O takiej sytuacji zostaniesz poinformowany drog\u0105 mailow\u0105 lub telefoniczn\u0105. W przypadku przekazania Twoich danych osobowych do Pa\u0144stwa trzeciego, kt\u00f3re nie zosta\u0142o uznane decyzj\u0105 Komisji Europejskiej za pa\u0144stwo zapewniaj\u0105ce odpowiedni stopie\u0144 ochrony, wyst\u0105pimy do Ciebie o wyra\u017cenie wyra\u017anej zgody na takie przekazanie, informuj\u0105c Ci\u0119 o uprzednim ryzyku wi\u0105\u017c\u0105cym si\u0119 z takim przekazaniem na podstawie art. 40 ust. 1 lit. a) Rozporz\u0105dzenia.[\/vc_column_text][vc_custom_heading text=&#8221;6. Okres przechowywania danych&#8221; use_theme_fonts=&#8221;yes&#8221;][vc_column_text]Twoje dane osobowe b\u0119d\u0105 przetwarzane przez okres niezb\u0119dny do realizacji wskazanych w punkcie 2 cel\u00f3w przetwarzania, tj.:<br \/>\na) w zakresie realizacji zawartej przez Ciebie z Old-cash Umowy, przez okres do czasu zako\u0144czenia jej realizacji, a po tym czasie:<br \/>\n&#8211; przez okres wymagany przez przepisy prawa, np. dla przechowywania okre\u015blonej dokumentacji ksi\u0119gowej i okre\u015blonych danych zgodnie z przepisami podatkowymi;<br \/>\n&#8211; przez okres wynikaj\u0105cy z prawnie uzasadnionych interes\u00f3w Old-cash (tj. okres przedawnienia dla zabezpieczenia ewentualnych roszcze\u0144),<br \/>\nb) w zakresie wype\u0142niania obowi\u0105zk\u00f3w prawnych ci\u0105\u017c\u0105cych na Old-cash w zwi\u0105zku z prowadzeniem dzia\u0142alno\u015bci i realizacj\u0105 zawartych Um\u00f3w, przez wyznaczony prawem okres do czasu wype\u0142nienia tych obowi\u0105zk\u00f3w przez Old-cash;<br \/>\nc) w zakresie wewn\u0119trznych cel\u00f3w administracyjnych, przez okres do czasu wype\u0142nienia prawnie uzasadnionych interes\u00f3w Old-cash stanowi\u0105cych podstaw\u0119 tego przetwarzania lub do czasu wniesienia przez Ciebie sprzeciwu wobec takiego przetwarzania;<br \/>\nd) w zakresie marketingu i promocji us\u0142ug oferowanych przez nas jako Administratora \u2013 przez okres do wniesienia sprzeciwu co do przetwarzania danych;<br \/>\ne) w zakresie wyra\u017conej zgody \u2013 do czasu jej wycofania.[\/vc_column_text][vc_custom_heading text=&#8221;7. Twoje prawa&#8221; use_theme_fonts=&#8221;yes&#8221;][vc_column_text]W zwi\u0105zku z przetwarzaniem przez Old-cash Twoich danych osobowych, przys\u0142uguje Ci:<br \/>\na) prawo dost\u0119pu do swoich danych oraz otrzymania ich kopii &#8211; art. 15 Rozporz\u0105dzenia;<br \/>\nb) prawo do sprostowania (poprawienia) swoich danych &#8211; art. 16 Rozporz\u0105dzenia;<br \/>\nc) prawo do usuni\u0119cia danych (je\u017celi Twoim zdaniem nie ma podstaw do tego, aby\u015bmy przetwarzali Twoje dane, mo\u017cesz za\u017c\u0105da\u0107, aby\u015bmy je usun\u0119li) \u2013 art. 17 Rozporz\u0105dzenia;<br \/>\nd) prawo do ograniczenia przetwarzania danych (mo\u017cesz za\u017c\u0105da\u0107, aby\u015bmy ograniczyli przetwarzanie Twoich danych osobowych wy\u0142\u0105cznie do ich przechowywania lub wykonywania uzgodnionych z Tob\u0105 dzia\u0142a\u0144, je\u017celi Twoim zdaniem mamy nieprawid\u0142owe dane na Tw\u00f3j temat lub przetwarzamy je bezpodstawnie; lub nie chcesz, \u017ceby\u015bmy je usun\u0119li, bo s\u0105 Tobie potrzebne do ustalenia, dochodzenia lub obrony roszcze\u0144; lub na czas wniesionego przez Ciebie sprzeciwu wzgl\u0119dem przetwarzania danych) -art. 18 Rozporz\u0105dzenia;<br \/>\ne) prawo do przenoszenia danych: masz prawo otrzyma\u0107 od nas w ustrukturyzowanym, powszechnie u\u017cywanym formacie nadaj\u0105cym si\u0119 do odczytu maszynowego (np. format \u201e.csv\u201d) Twoje dane osobowe, w kt\u00f3rych posiadaniu jeste\u015bmy na podstawie Umowy lub Twojej zgody. Mo\u017cesz zleci\u0107 nam przes\u0142anie tych danych bezpo\u015brednio innemu podmiotowi \u2013 art. 20 Rozporz\u0105dzenia;<br \/>\nf) prawo do wniesienia skargi do organu nadzorczego (je\u017celi uwa\u017casz, \u017ce przetwarzamy Twoje dane niezgodnie z prawem, mo\u017cesz z\u0142o\u017cy\u0107 w tej sprawie skarg\u0119 do Prezesa Urz\u0119du Ochrony Danych Osobowych (b\u0119d\u0105cego nast\u0119pc\u0105 Generalnego Inspektora Ochrony Danych Osobowych);<br \/>\ng) prawo do cofni\u0119cia zgody na przetwarzanie danych osobowych (w ka\u017cdej chwili masz prawo cofn\u0105\u0107 zgod\u0119 na przetwarzanie tych danych osobowych, kt\u00f3re przetwarzamy na podstawie Twojej zgody) \u2013 art. 7 ust. 3 Rozporz\u0105dzenia. Cofni\u0119cie zgody nie b\u0119dzie wp\u0142ywa\u0107 na zgodno\u015b\u0107 z prawem przetwarzania, kt\u00f3rego dokonano na podstawie Twojej zgody przed jej wycofaniem. Cofni\u0119cie zgody wyst\u0119puje poprzez wys\u0142anie wiadomo\u015bci mailowej na adres: : office@old-cash.com<\/p>\n<p>Niezale\u017cnie od praw wymienionych wy\u017cej mo\u017cesz w dowolnym momencie wnie\u015b\u0107 sprzeciw wobec przetwarzania Twoich danych (w tym profilowania, o ile jest dokonywane) na potrzeby marketingu bezpo\u015bredniego &#8211; art. 21 Rozporz\u0105dzenia. Po przyj\u0119ciu wniosku w tej sprawie jeste\u015bmy zobowi\u0105zani do zaprzestania przetwarzania danych w tym celu. W szczeg\u00f3lnych sytuacjach mo\u017cesz w dowolnym momencie wnie\u015b\u0107 sprzeciw wobec przetwarzania przez nas Twoich danych osobowych (w tym profilowania, o ile jest dokonywane), je\u015bli podstaw\u0105 wykorzystania danych jest nasz prawnie uzasadniony interes lub interes publiczny &#8211; art. 21 Rozporz\u0105dzenia. W takiej sytuacji, po rozpatrzeniu Twojego wniosku, nie b\u0119dziemy ju\u017c mogli przetwarza\u0107 danych osobowych obj\u0119tych sprzeciwem na tej podstawie, chyba \u017ce wyka\u017cemy, i\u017c istniej\u0105:<br \/>\na) wa\u017cne prawnie uzasadnione podstawy do przetwarzania danych, kt\u00f3re wed\u0142ug prawa uznaje si\u0119 za nadrz\u0119dne wobec Pa\u0144stwa interes\u00f3w, praw i wolno\u015bci;<br \/>\nb) podstawy do ustalenia, dochodzenia lub obrony roszcze\u0144;[\/vc_column_text][vc_custom_heading text=&#8221;8. Informacja o wymogu\/dobrowolno\u015bci podania danych&#8221; use_theme_fonts=&#8221;yes&#8221;][vc_column_text]W zakresie, w jakim przetwarzanie Twoich danych nast\u0119puje w celu zawarcia i realizacji Umowy z Old-cash, podanie przez Ciebie danych jest warunkiem zawarcia tej Umowy. Podanie danych ma charakter dobrowolny, jednak konsekwencj\u0105 niepodania tych danych b\u0119dzie brak mo\u017cliwo\u015bci zawarcia i realizacji tej Umowy.[\/vc_column_text][vc_custom_heading text=&#8221;9. Informacja o zmianie cel\u00f3w przetwarzania danych przez Administratora&#8221; use_theme_fonts=&#8221;yes&#8221;][vc_column_text]<\/p>\n<p align=\"justify\">Je\u017celi Old-cash zdecyduje przetwarza\u0107 Twoje dane osobowe w celu innym ni\u017c cel, w kt\u00f3rym dane osobowe zosta\u0142y zebrane, przed takim dalszym przetwarzaniem poinformujemy Ci\u0119, o tym innym celu oraz udzielimy wszelkich innych stosownych informacji.<\/p>\n<p>[\/vc_column_text][vc_custom_heading text=&#8221;10. Zgoda&#8221; use_theme_fonts=&#8221;yes&#8221;][vc_column_text]<\/p>\n<p align=\"justify\">Je\u017celi wykorzystanie przez nas Twoich danych nie jest konieczne do wykonania Umowy, realizacji obowi\u0105zku prawnego lub nie stanowi naszego prawnie uzasadnionego interesu, mo\u017cemy prosi\u0107 o wyra\u017cenie zgody na okre\u015blone cele wykorzystania Twoich danych. Taka zgoda mo\u017ce umo\u017cliwia\u0107, np. udost\u0119pnienie danych innym podmiotom na potrzeby ich akcji promocyjnych lub automatyczne podj\u0119cie decyzji w oparciu o Twoje dane i na Twoje \u017c\u0105danie albo kontakt telefoniczny\/mailowy z Tob\u0105 celem przekazywania informacji o przebiegu realizacji Umowy. Udzielon\u0105 nam zgod\u0119 mo\u017cesz w ka\u017cdej chwili wycofa\u0107 (nie b\u0119dzie to wp\u0142ywa\u0107 na zgodno\u015b\u0107 z prawem wykorzystania Twoich danych przed cofni\u0119ciem takiej zgody). Cofni\u0119cie zgody nast\u0119puje przez stosown\u0105 informacj\u0119, zgodnie z punktem 7 lit. g) niniejszego dokumentu.<\/p>\n<p>[\/vc_column_text][\/vc_column][\/vc_row]<\/p>\n<\/div>","protected":false},"excerpt":{"rendered":"<p>[vc_row][vc_column][vc_custom_heading text=&#8221;Polityka prywatno\u015bci | Old-cash.com&#8221; use_theme_fonts=&#8221;yes&#8221;][\/vc_column][\/vc_row][vc_row][vc_column][vc_column_text]Informacje dotycz\u0105ce zbierania danych od osoby, kt\u00f3rej dane dotycz\u0105. Powa\u017cnie podchodzimy do kwestii ochrony danych osobowych naszych klient\u00f3w i zobowi\u0105zujemy si\u0119 zapewni\u0107 j\u0105 na odpowiednim poziomie. Niniejsze zasady opisuj\u0105, jakie dane klient\u00f3w Old-cash.com s\u0105 gromadzone w ramach serwisu prowadz\u0105cego pod firm\u0105: Euro Artur Romanik, ul. Kobielska 23, 04-359 Warszawa, NIP: [&hellip;]<\/p>\n","protected":false},"author":1,"featured_media":0,"parent":0,"menu_order":0,"comment_status":"closed","ping_status":"closed","template":"","meta":{"footnotes":""},"class_list":["post-10733","page","type-page","status-publish","hentry"],"_links":{"self":[{"href":"https:\/\/old-cash.com\/pl\/wp-json\/wp\/v2\/pages\/10733","targetHints":{"allow":["GET"]}}],"collection":[{"href":"https:\/\/old-cash.com\/pl\/wp-json\/wp\/v2\/pages"}],"about":[{"href":"https:\/\/old-cash.com\/pl\/wp-json\/wp\/v2\/types\/page"}],"author":[{"embeddable":true,"href":"https:\/\/old-cash.com\/pl\/wp-json\/wp\/v2\/users\/1"}],"replies":[{"embeddable":true,"href":"https:\/\/old-cash.com\/pl\/wp-json\/wp\/v2\/comments?post=10733"}],"version-history":[{"count":4,"href":"https:\/\/old-cash.com\/pl\/wp-json\/wp\/v2\/pages\/10733\/revisions"}],"predecessor-version":[{"id":16262,"href":"https:\/\/old-cash.com\/pl\/wp-json\/wp\/v2\/pages\/10733\/revisions\/16262"}],"wp:attachment":[{"href":"https:\/\/old-cash.com\/pl\/wp-json\/wp\/v2\/media?parent=10733"}],"curies":[{"name":"wp","href":"https:\/\/api.w.org\/{rel}","templated":true}]}}