{"id":10766,"date":"2019-12-03T15:25:17","date_gmt":"2019-12-03T15:25:17","guid":{"rendered":"https:\/\/old-cash.com\/exchange-rates\/"},"modified":"2020-10-12T11:53:56","modified_gmt":"2020-10-12T11:53:56","slug":"exchange-rates","status":"publish","type":"page","link":"https:\/\/old-cash.com\/pl\/exchange-rates\/","title":{"rendered":"Tabela kurs\u00f3w wymiany walut"},"content":{"rendered":"<div class=\"wpb-content-wrapper\"><p>[vc_row][vc_column][vc_custom_heading text=&#8221;Tabela kurs\u00f3w wymiany walut&#8221; use_theme_fonts=&#8221;yes&#8221;][vc_column_text]Nie pobieramy \u017cadnych dodatkowych op\u0142at i prowizji. Wybierz rodzaj p\u0142atno\u015bci w jednej z czterech dost\u0119pnych walut ( EUR, USD, GBP, PLN ) i zobacz jak korzystne kursy wymiany oferuje old-cash. Kliknij na posiadan\u0105 walut\u0119 i dodaj wybrane banknoty do swojego portfela.[\/vc_column_text][\/vc_column][\/vc_row][vc_row][vc_column][vc_raw_html]PHA+W3djal93aG9sZXNhbGVfcHJpY2VfdGFibGVdIFt0YWJsZSBpZD00wqBjYWNoZV90YWJsZV9vdXRwdXQ9ZmFsc2UgL108L3A+[\/vc_raw_html][\/vc_column][\/vc_row][vc_row][vc_column][vc_column_text]<\/p>\n<p><strong>Inne waluty<\/strong><\/p>\n<p>Je\u015bli posiadasz inne banknoty nie wymienione na stronie internetowej, prze\u015blij na adres e-mail:\u00a0<a href=\"mailto:office@old-cash.com\">office@old-cash.com<\/a>\u00a0dok\u0142adn\u0105 kwot\u0119 i nazw\u0119 waluty do wymiany a w zwrotnym e-mailu otrzymasz bezp\u0142atn\u0105 wycen\u0119 dokonan\u0105 przez nasz zesp\u00f3\u0142. W przypadku gdy nie masz mo\u017cliwo\u015bci identyfikacji posiadanych walut za\u0142\u0105cz do wysy\u0142anej wiadomo\u015bci zdj\u0119cia banknot\u00f3w.<\/p>\n<p>[\/vc_column_text][\/vc_column][\/vc_row]<\/p>\n<\/div>","protected":false},"excerpt":{"rendered":"<p>[vc_row][vc_column][vc_custom_heading text=&#8221;Tabela kurs\u00f3w wymiany walut&#8221; use_theme_fonts=&#8221;yes&#8221;][vc_column_text]Nie pobieramy \u017cadnych dodatkowych op\u0142at i prowizji. Wybierz rodzaj p\u0142atno\u015bci w jednej z czterech dost\u0119pnych walut ( EUR, USD, GBP, PLN ) i zobacz jak korzystne kursy wymiany oferuje old-cash. Kliknij na posiadan\u0105 walut\u0119 i dodaj wybrane banknoty do swojego portfela.[\/vc_column_text][\/vc_column][\/vc_row][vc_row][vc_column][vc_raw_html]PHA+W3djal93aG9sZXNhbGVfcHJpY2VfdGFibGVdIFt0YWJsZSBpZD00wqBjYWNoZV90YWJsZV9vdXRwdXQ9ZmFsc2UgL108L3A+[\/vc_raw_html][\/vc_column][\/vc_row][vc_row][vc_column][vc_column_text] Inne waluty Je\u015bli posiadasz inne banknoty nie wymienione na [&hellip;]<\/p>\n","protected":false},"author":1,"featured_media":0,"parent":0,"menu_order":0,"comment_status":"closed","ping_status":"closed","template":"","meta":{"footnotes":""},"class_list":["post-10766","page","type-page","status-publish","hentry"],"_links":{"self":[{"href":"https:\/\/old-cash.com\/pl\/wp-json\/wp\/v2\/pages\/10766","targetHints":{"allow":["GET"]}}],"collection":[{"href":"https:\/\/old-cash.com\/pl\/wp-json\/wp\/v2\/pages"}],"about":[{"href":"https:\/\/old-cash.com\/pl\/wp-json\/wp\/v2\/types\/page"}],"author":[{"embeddable":true,"href":"https:\/\/old-cash.com\/pl\/wp-json\/wp\/v2\/users\/1"}],"replies":[{"embeddable":true,"href":"https:\/\/old-cash.com\/pl\/wp-json\/wp\/v2\/comments?post=10766"}],"version-history":[{"count":12,"href":"https:\/\/old-cash.com\/pl\/wp-json\/wp\/v2\/pages\/10766\/revisions"}],"predecessor-version":[{"id":15519,"href":"https:\/\/old-cash.com\/pl\/wp-json\/wp\/v2\/pages\/10766\/revisions\/15519"}],"wp:attachment":[{"href":"https:\/\/old-cash.com\/pl\/wp-json\/wp\/v2\/media?parent=10766"}],"curies":[{"name":"wp","href":"https:\/\/api.w.org\/{rel}","templated":true}]}}