{"id":12717,"date":"2020-05-24T17:43:53","date_gmt":"2020-05-24T17:43:53","guid":{"rendered":"https:\/\/old-cash.com\/other-currencies\/"},"modified":"2020-08-17T11:30:24","modified_gmt":"2020-08-17T11:30:24","slug":"other-currencies","status":"publish","type":"page","link":"https:\/\/old-cash.com\/pl\/other-currencies\/","title":{"rendered":"Inne waluty"},"content":{"rendered":"<div class=\"wpb-content-wrapper\"><p>[vc_row][vc_column][vc_custom_heading text=&#8221;Inne waluty&#8221; font_container=&#8221;tag:h1|text_align:left&#8221; use_theme_fonts=&#8221;yes&#8221;][\/vc_column][\/vc_row][vc_row][vc_column][vc_column_text]Je\u015bli posiadasz inne banknoty nie wymienione na stronie internetowej, prze\u015blij na adres e-mail: <a href=\"mailto:office@old-cash.com\">office@old-cash.com<\/a> dok\u0142adn\u0105 kwot\u0119 i nazw\u0119 waluty do wymiany a w zwrotnym e-mailu otrzymasz bezp\u0142atn\u0105 wycen\u0119 dokonan\u0105 przez nasz zesp\u00f3\u0142. W przypadku gdy nie masz mo\u017cliwo\u015bci identyfikacji posiadanych walut za\u0142\u0105cz do wysy\u0142anej wiadomo\u015bci zdj\u0119cia banknot\u00f3w.[\/vc_column_text][\/vc_column][\/vc_row]<\/p>\n<\/div>","protected":false},"excerpt":{"rendered":"<p>[vc_row][vc_column][vc_custom_heading text=&#8221;Inne waluty&#8221; font_container=&#8221;tag:h1|text_align:left&#8221; use_theme_fonts=&#8221;yes&#8221;][\/vc_column][\/vc_row][vc_row][vc_column][vc_column_text]Je\u015bli posiadasz inne banknoty nie wymienione na stronie internetowej, prze\u015blij na adres e-mail: office@old-cash.com dok\u0142adn\u0105 kwot\u0119 i nazw\u0119 waluty do wymiany a w zwrotnym e-mailu otrzymasz bezp\u0142atn\u0105 wycen\u0119 dokonan\u0105 przez nasz zesp\u00f3\u0142. W przypadku gdy nie masz mo\u017cliwo\u015bci identyfikacji posiadanych walut za\u0142\u0105cz do wysy\u0142anej wiadomo\u015bci zdj\u0119cia banknot\u00f3w.[\/vc_column_text][\/vc_column][\/vc_row]<\/p>\n","protected":false},"author":2,"featured_media":0,"parent":0,"menu_order":0,"comment_status":"closed","ping_status":"closed","template":"","meta":{"footnotes":""},"class_list":["post-12717","page","type-page","status-publish","hentry"],"_links":{"self":[{"href":"https:\/\/old-cash.com\/pl\/wp-json\/wp\/v2\/pages\/12717","targetHints":{"allow":["GET"]}}],"collection":[{"href":"https:\/\/old-cash.com\/pl\/wp-json\/wp\/v2\/pages"}],"about":[{"href":"https:\/\/old-cash.com\/pl\/wp-json\/wp\/v2\/types\/page"}],"author":[{"embeddable":true,"href":"https:\/\/old-cash.com\/pl\/wp-json\/wp\/v2\/users\/2"}],"replies":[{"embeddable":true,"href":"https:\/\/old-cash.com\/pl\/wp-json\/wp\/v2\/comments?post=12717"}],"version-history":[{"count":4,"href":"https:\/\/old-cash.com\/pl\/wp-json\/wp\/v2\/pages\/12717\/revisions"}],"predecessor-version":[{"id":15366,"href":"https:\/\/old-cash.com\/pl\/wp-json\/wp\/v2\/pages\/12717\/revisions\/15366"}],"wp:attachment":[{"href":"https:\/\/old-cash.com\/pl\/wp-json\/wp\/v2\/media?parent=12717"}],"curies":[{"name":"wp","href":"https:\/\/api.w.org\/{rel}","templated":true}]}}