{"id":10767,"date":"2019-12-03T15:25:17","date_gmt":"2019-12-03T15:25:17","guid":{"rendered":"https:\/\/old-cash.com\/exchange-rates\/"},"modified":"2020-10-12T11:54:18","modified_gmt":"2020-10-12T11:54:18","slug":"exchange-rates","status":"publish","type":"page","link":"https:\/\/old-cash.com\/pt-pt\/exchange-rates\/","title":{"rendered":"Tabela de taxas de c\u00e2mbio"},"content":{"rendered":"<div class=\"wpb-content-wrapper\"><p>[vc_row][vc_column][vc_custom_heading text=&#8221;Tabela de taxas de c\u00e2mbio&#8221; use_theme_fonts=&#8221;yes&#8221;][vc_column_text]<\/p>\n<p>N\u00e3o cobramos nenhuma taxa ou comiss\u00e3o adicional. Escolha o m\u00e9todo de pagamento em uma das quatro moedas dispon\u00edveis (EUR, USD, GBP, PLN) e veja como as taxas de c\u00e2mbio favor\u00e1veis oferecem dinheiro \u00e0 vista. Clique na sua moeda e adicione notas selecionadas \u00e0 sua carteira.<\/p>\n<p>[\/vc_column_text][\/vc_column][\/vc_row][vc_row][vc_column][vc_raw_html]PHA+W3djal93aG9sZXNhbGVfcHJpY2VfdGFibGVdIFt0YWJsZSBpZD01wqBjYWNoZV90YWJsZV9vdXRwdXQ9ZmFsc2UgL108L3A+[\/vc_raw_html][\/vc_column][\/vc_row][vc_row][vc_column][vc_column_text]<\/p>\n<p><strong>Outras moedas<\/strong><\/p>\n<p>Caso tenha outras notas n\u00e3o listadas no site, por favor envie para o endere\u00e7o de email:\u00a0<a href=\"mailto:office@old-cash.com\">office@old-cash.com<\/a>\u00a0o valor exato e o nome da moeda a ser trocada e, num e-mail de retorno, receber\u00e1 uma cota\u00e7\u00e3o gratuita da nossa equipa. Se n\u00e3o conseguir identificar as suas moedas, anexe uma imagem das notas \u00e0 mensagem que enviar.<\/p>\n<p>[\/vc_column_text][\/vc_column][\/vc_row]<\/p>\n<\/div>","protected":false},"excerpt":{"rendered":"<p>[vc_row][vc_column][vc_custom_heading text=&#8221;Tabela de taxas de c\u00e2mbio&#8221; use_theme_fonts=&#8221;yes&#8221;][vc_column_text] N\u00e3o cobramos nenhuma taxa ou comiss\u00e3o adicional. Escolha o m\u00e9todo de pagamento em uma das quatro moedas dispon\u00edveis (EUR, USD, GBP, PLN) e veja como as taxas de c\u00e2mbio favor\u00e1veis oferecem dinheiro \u00e0 vista. Clique na sua moeda e adicione notas selecionadas \u00e0 sua carteira. [\/vc_column_text][\/vc_column][\/vc_row][vc_row][vc_column][vc_raw_html]PHA+W3djal93aG9sZXNhbGVfcHJpY2VfdGFibGVdIFt0YWJsZSBpZD01wqBjYWNoZV90YWJsZV9vdXRwdXQ9ZmFsc2UgL108L3A+[\/vc_raw_html][\/vc_column][\/vc_row][vc_row][vc_column][vc_column_text] Outras moedas [&hellip;]<\/p>\n","protected":false},"author":1,"featured_media":0,"parent":0,"menu_order":0,"comment_status":"closed","ping_status":"closed","template":"","meta":{"footnotes":""},"class_list":["post-10767","page","type-page","status-publish","hentry"],"_links":{"self":[{"href":"https:\/\/old-cash.com\/pt-pt\/wp-json\/wp\/v2\/pages\/10767","targetHints":{"allow":["GET"]}}],"collection":[{"href":"https:\/\/old-cash.com\/pt-pt\/wp-json\/wp\/v2\/pages"}],"about":[{"href":"https:\/\/old-cash.com\/pt-pt\/wp-json\/wp\/v2\/types\/page"}],"author":[{"embeddable":true,"href":"https:\/\/old-cash.com\/pt-pt\/wp-json\/wp\/v2\/users\/1"}],"replies":[{"embeddable":true,"href":"https:\/\/old-cash.com\/pt-pt\/wp-json\/wp\/v2\/comments?post=10767"}],"version-history":[{"count":9,"href":"https:\/\/old-cash.com\/pt-pt\/wp-json\/wp\/v2\/pages\/10767\/revisions"}],"predecessor-version":[{"id":15521,"href":"https:\/\/old-cash.com\/pt-pt\/wp-json\/wp\/v2\/pages\/10767\/revisions\/15521"}],"wp:attachment":[{"href":"https:\/\/old-cash.com\/pt-pt\/wp-json\/wp\/v2\/media?parent=10767"}],"curies":[{"name":"wp","href":"https:\/\/api.w.org\/{rel}","templated":true}]}}