{"id":12718,"date":"2020-05-24T17:43:53","date_gmt":"2020-05-24T17:43:53","guid":{"rendered":"https:\/\/old-cash.com\/other-currencies\/"},"modified":"2020-08-17T11:31:00","modified_gmt":"2020-08-17T11:31:00","slug":"other-currencies","status":"publish","type":"page","link":"https:\/\/old-cash.com\/pt-pt\/other-currencies\/","title":{"rendered":"Outras moedas"},"content":{"rendered":"<div class=\"wpb-content-wrapper\"><p>[vc_row][vc_column][vc_custom_heading text=&#8221;Outras moedas&#8221; font_container=&#8221;tag:h1|text_align:left&#8221; use_theme_fonts=&#8221;yes&#8221;][\/vc_column][\/vc_row][vc_row][vc_column][vc_column_text]Caso tenha outras notas n\u00e3o listadas no site, por favor envie para o endere\u00e7o de email: <a href=\"mailto:office@old-cash.com\">office@old-cash.com<\/a> o valor exato e o nome da moeda a ser trocada e, num e-mail de retorno, receber\u00e1 uma cota\u00e7\u00e3o gratuita da nossa equipa. Se n\u00e3o conseguir identificar as suas moedas, anexe uma imagem das notas \u00e0 mensagem que enviar.[\/vc_column_text][\/vc_column][\/vc_row]<\/p>\n<\/div>","protected":false},"excerpt":{"rendered":"<p>[vc_row][vc_column][vc_custom_heading text=&#8221;Outras moedas&#8221; font_container=&#8221;tag:h1|text_align:left&#8221; use_theme_fonts=&#8221;yes&#8221;][\/vc_column][\/vc_row][vc_row][vc_column][vc_column_text]Caso tenha outras notas n\u00e3o listadas no site, por favor envie para o endere\u00e7o de email: office@old-cash.com o valor exato e o nome da moeda a ser trocada e, num e-mail de retorno, receber\u00e1 uma cota\u00e7\u00e3o gratuita da nossa equipa. Se n\u00e3o conseguir identificar as suas moedas, anexe uma imagem das [&hellip;]<\/p>\n","protected":false},"author":2,"featured_media":0,"parent":0,"menu_order":0,"comment_status":"closed","ping_status":"closed","template":"","meta":{"footnotes":""},"class_list":["post-12718","page","type-page","status-publish","hentry"],"_links":{"self":[{"href":"https:\/\/old-cash.com\/pt-pt\/wp-json\/wp\/v2\/pages\/12718","targetHints":{"allow":["GET"]}}],"collection":[{"href":"https:\/\/old-cash.com\/pt-pt\/wp-json\/wp\/v2\/pages"}],"about":[{"href":"https:\/\/old-cash.com\/pt-pt\/wp-json\/wp\/v2\/types\/page"}],"author":[{"embeddable":true,"href":"https:\/\/old-cash.com\/pt-pt\/wp-json\/wp\/v2\/users\/2"}],"replies":[{"embeddable":true,"href":"https:\/\/old-cash.com\/pt-pt\/wp-json\/wp\/v2\/comments?post=12718"}],"version-history":[{"count":4,"href":"https:\/\/old-cash.com\/pt-pt\/wp-json\/wp\/v2\/pages\/12718\/revisions"}],"predecessor-version":[{"id":15368,"href":"https:\/\/old-cash.com\/pt-pt\/wp-json\/wp\/v2\/pages\/12718\/revisions\/15368"}],"wp:attachment":[{"href":"https:\/\/old-cash.com\/pt-pt\/wp-json\/wp\/v2\/media?parent=12718"}],"curies":[{"name":"wp","href":"https:\/\/api.w.org\/{rel}","templated":true}]}}