{"id":10557,"date":"2016-07-05T02:47:34","date_gmt":"2016-07-05T02:47:34","guid":{"rendered":"https:\/\/old-cash.com\/faqs\/"},"modified":"2020-01-02T20:42:17","modified_gmt":"2020-01-02T20:42:17","slug":"faqs","status":"publish","type":"page","link":"https:\/\/old-cash.com\/ro\/faqs\/","title":{"rendered":"FAQs"},"content":{"rendered":"<div class=\"wpb-content-wrapper\"><p>[vc_row][vc_column][vc_custom_heading text=&#8221;Frequently Asked Questions&#8221; use_theme_fonts=&#8221;yes&#8221; el_class=&#8221;shorter&#8221;][vc_empty_space height=&#8221;40px&#8221;][\/vc_column][\/vc_row][vc_row][vc_column]<div class=\"porto-faqs porto-faqsjoei wpb_content_element \">\r\n\t<div class=\"page-faqs clearfix wpb_custom_7fe7ddf8f1a240d6488c8a8c41279112\" id=\"porto_faqs_4afm\">\r\n\r\n\t\t\r\n\t\t\r\n\t\t<div class=\"faq-row faqs-container\">\r\n\t\t\t\r\n<div class=\"faq brand-it-lt-pl-pt-pt-ro post-10569 type-faq status-publish hentry faq_cat-brand-it-lt-pl-pt-pt-ro\">\r\n\t<section class=\"toggle\">\r\n\t\t<label>1. Ce bancnote pot fi schimbate prin old-cashi?<\/label>\r\n\t\t<div class=\"toggle-content\">\r\n\t\t<h3 class=\"entry-title\" style=\"display: none;\">1. Ce bancnote pot fi schimbate prin old-cashi?<\/h3><span class=\"vcard\" style=\"display: none;\"><span class=\"fn\"><a href=\"https:\/\/old-cash.com\/ro\/author\/admin\/\" title=\"Articole de admin\" rel=\"author\">admin<\/a><\/span><\/span><span class=\"updated\" style=\"display:none\">2020-01-02T20:49:39+02:00<\/span>[vc_row][vc_column][vc_column_text]Schimb\u0103m bancnote actuale \u00een circula\u021bie \u0219i retrase din circula\u021bie, inclusiv cele vechi \u0219i deteriorate.\r\nCatalogul valutar cu fotografii \u0219i pre\u021buri actuale este disponibil \u00een fila \"exchange rate\"(\u201ecursul de schimb\u201d).[\/vc_column_text][\/vc_column][\/vc_row]\t\t<\/div>\r\n\t<\/section>\r\n<\/div>\r\n\r\n<div class=\"faq design-it-lt-pl-pt-pt-ro post-10575 type-faq status-publish hentry faq_cat-design-it-lt-pl-pt-pt-ro\">\r\n\t<section class=\"toggle\">\r\n\t\t<label>2. Cum \u0219i unde pot face schimb, ce sum\u0103 voi primi?<\/label>\r\n\t\t<div class=\"toggle-content\">\r\n\t\t<h3 class=\"entry-title\" style=\"display: none;\">2. Cum \u0219i unde pot face schimb, ce sum\u0103 voi primi?<\/h3><span class=\"vcard\" style=\"display: none;\"><span class=\"fn\"><a href=\"https:\/\/old-cash.com\/ro\/author\/admin\/\" title=\"Articole de admin\" rel=\"author\">admin<\/a><\/span><\/span><span class=\"updated\" style=\"display:none\">2020-01-03T10:19:03+02:00<\/span>[vc_row][vc_column][vc_column_text]Ve\u021bi efectua tranzac\u021bia trimi\u0163\u00e2nd bancnote prin curier sau po\u0219t\u0103 la sucursala noastr\u0103 din Var\u0219ovia.\r\nDe asemenea pute\u0163i veni \u0219i face personal un schimb direct . \u00cen ambele cazuri pentru schimb\r\nde bancnote ve\u021bi primi plata \u00eentr-una din cele patru valute disponibile (EUR, USD, GBP, PLN).\r\nNu avem alte sucursale \u00een Polonia nici UE, dar \u00een cazul tranzac\u021biilor mai mari este\r\nposibil s\u0103 ridic\u0103m bancnote de la client.[\/vc_column_text][\/vc_column][\/vc_row]\t\t<\/div>\r\n\t<\/section>\r\n<\/div>\r\n\r\n<div class=\"faq logo-ro post-10581 type-faq status-publish hentry faq_cat-logo-ro\">\r\n\t<section class=\"toggle\">\r\n\t\t<label>3. Cum pot trimite bancnote \u0219i ce trebuie s\u0103 \u0219tiu despre un astfel de schimb?<\/label>\r\n\t\t<div class=\"toggle-content\">\r\n\t\t<h3 class=\"entry-title\" style=\"display: none;\">3. Cum pot trimite bancnote \u0219i ce trebuie s\u0103 \u0219tiu despre un astfel de schimb?<\/h3><span class=\"vcard\" style=\"display: none;\"><span class=\"fn\"><a href=\"https:\/\/old-cash.com\/ro\/author\/admin\/\" title=\"Articole de admin\" rel=\"author\">admin<\/a><\/span><\/span><span class=\"updated\" style=\"display:none\">2020-01-03T12:08:08+02:00<\/span>[vc_row][vc_column][vc_column_text]Un colet a c\u0103rui valoare nu dep\u0103\u0219e\u0219te echivalentul a 1.000 EUR (conform tabelului cursului de schimb actual\r\nla Banca dvs.) poate fi trimis prin po\u0219t\u0103 sau prin curier, asigur\u00e2ndu-l \u00eempotriva\r\npierd\u0103rii sau furtului. Ve\u021bi primi plata pentru bancnote \u00een contul dvs. bancar \u00een termen de 5 zile lucr\u0103toare\r\nde la data primirii coletului.\r\nAlegerea serviciului de curierat, costul transportului \u0219i asigurarea coletului revine clientului.[\/vc_column_text][\/vc_column][\/vc_row]\t\t<\/div>\r\n\t<\/section>\r\n<\/div>\r\n\r\n<div class=\"faq brand-it-lt-pl-pt-pt-ro post-10587 type-faq status-publish hentry faq_cat-brand-it-lt-pl-pt-pt-ro\">\r\n\t<section class=\"toggle\">\r\n\t\t<label>4. Ce trebuie s\u0103 fac dac\u0103 vreau  personal la sediul dvs. s\u0103 fac schimb?<\/label>\r\n\t\t<div class=\"toggle-content\">\r\n\t\t<h3 class=\"entry-title\" style=\"display: none;\">4. Ce trebuie s\u0103 fac dac\u0103 vreau  personal la sediul dvs. s\u0103 fac schimb?<\/h3><span class=\"vcard\" style=\"display: none;\"><span class=\"fn\"><a href=\"https:\/\/old-cash.com\/ro\/author\/admin\/\" title=\"Articole de admin\" rel=\"author\">admin<\/a><\/span><\/span><span class=\"updated\" style=\"display:none\">2020-01-03T12:26:59+02:00<\/span>[vc_row][vc_column][vc_column_text]V\u0103 invit\u0103m la sucursala noastr\u0103 din Var\u0219ovia. \u00cen fila de contact ve\u021bi g\u0103si adresa\r\n\u015fi o hart\u0103 cu indica\u021bii \u0219i fotografii ale sediului nostru pentru a facilita venirea.\r\n\u00cen cazul schimbului de sume mai mari, v\u0103 rug\u0103m s\u0103 ne informa\u021bi prealabil prin telefon\r\nastfel \u00eenc\u00e2t s\u0103 putem preg\u0103ti suma adecvat\u0103 \u00een numerar \u00een moneda aleas\u0103 de dvs. \u00cen caz de schimb\r\na bancnotelor deteriorate, v\u0103 rug\u0103m s\u0103 ne trimite\u021bi prin e-mail o fotografie cu aceste bancnote\r\n\u0219i num\u0103rul de telefon pentru contact. Face\u0163i cuno\u015ftin\u0163\u0103 cu limitele \u0219i principiile tranzac\u021biei descrise \u00een punctul urm\u0103tor.[\/vc_column_text][\/vc_column][\/vc_row]\t\t<\/div>\r\n\t<\/section>\r\n<\/div>\r\n\r\n<div class=\"faq design-it-lt-pl-pt-pt-ro post-10594 type-faq status-publish hentry faq_cat-design-it-lt-pl-pt-pt-ro\">\r\n\t<section class=\"toggle\">\r\n\t\t<label>5. Exist\u0103 limite maxime sau minime pentru tranzac\u021bie sau sunt \u015fi alte restric\u021bii?<\/label>\r\n\t\t<div class=\"toggle-content\">\r\n\t\t<h3 class=\"entry-title\" style=\"display: none;\">5. Exist\u0103 limite maxime sau minime pentru tranzac\u021bie sau sunt \u015fi alte restric\u021bii?<\/h3><span class=\"vcard\" style=\"display: none;\"><span class=\"fn\"><a href=\"https:\/\/old-cash.com\/ro\/author\/admin\/\" title=\"Articole de admin\" rel=\"author\">admin<\/a><\/span><\/span><span class=\"updated\" style=\"display:none\">2020-01-03T12:40:38+02:00<\/span>[vc_row][vc_column][vc_column_text]Limita maxim\u0103 pentru tranzac\u021biile prin expediere nu poate dep\u0103\u0219i echivalentul a 1.000 EUR.\r\n\r\nCa o entitate care aplic\u0103 m\u0103suri de securitate financiar\u0103 \u00eenregistrat\u0103 \u00een UE suntem obliga\u0163i\r\ns\u0103 respect\u0103m legisla\u021bia european\u0103 \u0219i polonez\u0103 \u0219i, \u00een special:\r\n\r\n- Directiva Parlamentului European \u0219i a Consiliului (UE) 2015\/849 din 20 mai 2015 privind\r\nprevenirea utiliz\u0103rii sistemului financiar \u00een scopul sp\u0103l\u0103rii banilor sau finan\u021b\u0103ri terorismului\r\n\r\n- Legile Republicii Polonia din 1 martie 2018 privind combaterea sp\u0103l\u0103rii banilor \u0219i\r\nfinan\u021barea terorismului (Monitorul Oficial 2018 poz, 723)\r\n\r\ncu modific\u0103rile ulterioare\r\n\r\nAc\u021bion\u00e2nd ca o entitate autorizat\u0103 de Banca Na\u021bional\u0103 a Poloniei pentru desf\u0103\u0219urarea activit\u0103\u021bi\r\ncontrolate am creat \u0219i am implementat o procedur\u0103 intern\u0103 pentru aplicare a m\u0103surilor de securitate\r\nfinanciar\u0103. Pentru tranzac\u021bii de schimb peste echivalentul a 15.000 EUR (convertite la cursul mediu de schimb\r\nal NBP de la data tranzac\u021biei), solicit\u0103m obligatoriu prezentarea documentului valabil\r\nde identitate \u0219i a documentelor care confirm\u0103 sursa de origine a fondurilor care fac obiectul schimbului.\r\nSunt supuse de asemenea, controlului valutar tranzac\u021biile limit\u0103 \u0219i tranzac\u0163i mici combinate \u00eentr-un \u00eentreg.\r\nV\u0103 invit\u0103m s\u0103 desc\u0103rca\u021bi \"exchange form\" (\u201eformularul de schimb\u201d) necesar schimbului prin expediere, s\u0103 desc\u0103rca\u021bi.\r\ns\u0103 lua\u0163i cuno\u015ftin\u0163\u0103 \u015fi cu alte documente importante.\r\n\r\nNu exist\u0103 o sum\u0103 minim\u0103 de tranzac\u021bie, ceea ce \u00eenseamn\u0103 c\u0103 pute\u021bi schimba la noi chiar \u0219i o bancnot\u0103 de valoare mic\u0103.[\/vc_column_text][\/vc_column][\/vc_row]\t\t<\/div>\r\n\t<\/section>\r\n<\/div>\r\n\r\n<div class=\"faq logo-ro post-10600 type-faq status-publish hentry faq_cat-logo-ro\">\r\n\t<section class=\"toggle\">\r\n\t\t<label>6. Pot schimba monede prin old-cash (banii vechi)?<\/label>\r\n\t\t<div class=\"toggle-content\">\r\n\t\t<h3 class=\"entry-title\" style=\"display: none;\">6. Pot schimba monede prin old-cash (banii vechi)?<\/h3><span class=\"vcard\" style=\"display: none;\"><span class=\"fn\"><a href=\"https:\/\/old-cash.com\/ro\/author\/admin\/\" title=\"Articole de admin\" rel=\"author\">admin<\/a><\/span><\/span><span class=\"updated\" style=\"display:none\">2020-01-03T12:59:14+02:00<\/span>[vc_row][vc_column][vc_column_text]Nu cump\u0103r\u0103m monede. Dac\u0103 v\u0103 decide\u021bi s\u0103 le preda\u0163i, acestea vor fi donate \u00een scopuri caritabile\r\nf\u0103r\u0103 posibilitatea de returnare. Sus\u021binem \u00een mod regulat activit\u0103\u021bile c\u0103lug\u0103ri\u021belor poloneze care desf\u0103\u015foar\u0103 misiuni \u00een\r\nAfrica Central\u0103, fotografii \u0219i mul\u021bumiri pute\u021bi g\u0103si aici.[\/vc_column_text][\/vc_column][\/vc_row]\t\t<\/div>\r\n\t<\/section>\r\n<\/div>\r\n\r\n<div class=\"faq design-it-lt-pl-pt-pt-ro post-10606 type-faq status-publish hentry faq_cat-design-it-lt-pl-pt-pt-ro\">\r\n\t<section class=\"toggle\">\r\n\t\t<label>7. Exist\u0103 taxe sau comisioane suplimentare?<\/label>\r\n\t\t<div class=\"toggle-content\">\r\n\t\t<h3 class=\"entry-title\" style=\"display: none;\">7. Exist\u0103 taxe sau comisioane suplimentare?<\/h3><span class=\"vcard\" style=\"display: none;\"><span class=\"fn\"><a href=\"https:\/\/old-cash.com\/ro\/author\/admin\/\" title=\"Articole de admin\" rel=\"author\">admin<\/a><\/span><\/span><span class=\"updated\" style=\"display:none\">2020-01-03T13:05:52+02:00<\/span>[vc_row][vc_column][vc_column_text]Old-cash nu percepe taxe \u015fi comisioane suplimentare.\r\nTransferurile externe le facem \u00een op\u021biunea SHA (costurile de transfer sunt \u00eemp\u0103r\u021bite \u00eentre expeditor \u0219i\r\ndestinatarul transferului, \u00een timp ce old-cash acoper\u0103 comisionul b\u0103ncii sale, iar eventualele\r\nalte costuri, sunt percepute de la destinatar de c\u0103tre banca sa, \u00een conformitatea tabelului de taxe \u0219i comisioane).\r\nAsigura\u021bi-v\u0103 c\u0103 moneda de plat\u0103 selectat\u0103 este aceea\u0219i cu moneda \u00een care dvs. ave\u0163i contul\r\nbancar. \u00cen caz contrar, banca la care ave\u0163i cont va face nefavorabil\u0103 pentru dvs.\r\nconversia valutar\u0103 din moneda pe care a\u0163i ales-o ca metod\u0103 de plat\u0103 \u00een moneda \u00een care ave\u0163i\r\ncont bancar.[\/vc_column_text][\/vc_column][\/vc_row]\t\t<\/div>\r\n\t<\/section>\r\n<\/div>\r\n\r\n<div class=\"faq post-10612 type-faq status-publish hentry\">\r\n\t<section class=\"toggle\">\r\n\t\t<label>8. Pot avea \u00eencredere \u00een old-cash \u0219i ave\u021bi referin\u021be?<\/label>\r\n\t\t<div class=\"toggle-content\">\r\n\t\t<h3 class=\"entry-title\" style=\"display: none;\">8. Pot avea \u00eencredere \u00een old-cash \u0219i ave\u021bi referin\u021be?<\/h3><span class=\"vcard\" style=\"display: none;\"><span class=\"fn\"><a href=\"https:\/\/old-cash.com\/ro\/author\/admin\/\" title=\"Articole de admin\" rel=\"author\">admin<\/a><\/span><\/span><span class=\"updated\" style=\"display:none\">2024-01-19T14:54:00+02:00<\/span>[vc_row][vc_column][vc_column_text]Suntem o companie care se ocup\u0103 cu tranzac\u021bionarea valutar\u0103 de peste 10 ani. Avem autoriza\u0163ia <a href=\"https:\/\/kantor.nbp.pl\/\" target=\"_blank\" rel=\"noopener\">nr 20261<\/a>\r\n(http:\/\/www.kantor.nbp.pl\/pages\/srwPrzegladanieDokumentow.nbp) pentru a cump\u0103ra \u0219i vinde valori\r\nvalutare, precum \u0219i pentru intermediere \u00een achizi\u021bionarea \u0219i v\u00e2nzarea acestora, emis\u0103 de Banca Na\u021bional\u0103 Poloniei,\r\ncare este organul de supraveghere a activit\u0103\u021bi noastre de schimb valutar.\r\nNe bucur\u0103m de opiniile apreciative ale clien\u021bilor no\u0219tri confirmate de cifra mare de afaceri dep\u0103\u0219ind\r\nzeci de milioane de euro anual. Pute\u021bi verifica, de asemenea, referin\u021bele noastre care sunt postate\r\nde c\u0103tre clien\u021bi \u0219i contractorii \u00een profilul nostru de pe Facebook.[\/vc_column_text][\/vc_column][\/vc_row]\t\t<\/div>\r\n\t<\/section>\r\n<\/div>\r\n\r\n<div class=\"faq post-10618 type-faq status-publish hentry\">\r\n\t<section class=\"toggle\">\r\n\t\t<label>9. Pot schimba bancnotele deteriorate sau cele care nu sunt afi\u0219ate pe pagin\u0103?<\/label>\r\n\t\t<div class=\"toggle-content\">\r\n\t\t<h3 class=\"entry-title\" style=\"display: none;\">9. Pot schimba bancnotele deteriorate sau cele care nu sunt afi\u0219ate pe pagin\u0103?<\/h3><span class=\"vcard\" style=\"display: none;\"><span class=\"fn\"><a href=\"https:\/\/old-cash.com\/ro\/author\/admin\/\" title=\"Articole de admin\" rel=\"author\">admin<\/a><\/span><\/span><span class=\"updated\" style=\"display:none\">2020-01-03T14:27:39+02:00<\/span>[vc_row][vc_column][vc_column_text]Da, trimite\u021bi-ne la adresa noastr\u0103 de e-mail: office@old-cash.com o fotografie a bancnotelor pe care dori\u021bi s\u0103 le vinde\u021bi\r\niar echipa noastr\u0103 va evalua valoarea lor \u0219i v\u0103 va trimite informa\u021bii suplimentare pentru finalizarea\r\ntranzac\u0163iei. Pentru bancnotele deteriorate, evaluarea depinde de gradul de deteriorare a bancnotei, iar\r\n\u00een lipsa posibilit\u0103\u0163ii determin\u0103rii autenticit\u0103\u021bii bancnotei sau a deterior\u0103rii excesive ne rezerv\u0103m\r\ndreptul de a ne retrage din tranzac\u021bie. Bancnotele trimise le pute\u0163i primi \u00eenapoi\r\nnumai la sucursala noastr\u0103 din Var\u0219ovia.[\/vc_column_text][\/vc_column][\/vc_row]\t\t<\/div>\r\n\t<\/section>\r\n<\/div>\r\n\r\n<div class=\"faq post-10624 type-faq status-publish hentry\">\r\n\t<section class=\"toggle\">\r\n\t\t<label>10. Nu pot imprima &#8222;exchange form&#8221; (&#8222;formularul de schimb&#8221;), mai pot trimite bancnote?<\/label>\r\n\t\t<div class=\"toggle-content\">\r\n\t\t<h3 class=\"entry-title\" style=\"display: none;\">10. Nu pot imprima &#8222;exchange form&#8221; (&#8222;formularul de schimb&#8221;), mai pot trimite bancnote?<\/h3><span class=\"vcard\" style=\"display: none;\"><span class=\"fn\"><a href=\"https:\/\/old-cash.com\/ro\/author\/admin\/\" title=\"Articole de admin\" rel=\"author\">admin<\/a><\/span><\/span><span class=\"updated\" style=\"display:none\">2020-01-03T20:14:51+02:00<\/span>[vc_row][vc_column][vc_column_text]Sigur, dac\u0103 ave\u021bi probleme cu imprimarea, trebuie doar s\u0103 ata\u0219a\u021bi la bancnote adresa de e-mail sau num\u0103rul\r\nde referin\u021b\u0103 pe baza c\u0103ruia vom identifica tranzac\u021bia dvs.. Este bine s\u0103 pune\u0163i datele de identificare\r\npe plic sau pe colet.[\/vc_column_text][\/vc_column][\/vc_row]\t\t<\/div>\r\n\t<\/section>\r\n<\/div>\r\n\r\n<div class=\"faq post-10630 type-faq status-publish hentry\">\r\n\t<section class=\"toggle\">\r\n\t\t<label>11. Procesul  v\u00e2nz\u0103ri de pe site-ul web a fost finalizat \u0219i coletul este deja  preg\u0103tit, c\u00e2t timp am pentru a trimite bancnote la old-cash.com?<\/label>\r\n\t\t<div class=\"toggle-content\">\r\n\t\t<h3 class=\"entry-title\" style=\"display: none;\">11. Procesul  v\u00e2nz\u0103ri de pe site-ul web a fost finalizat \u0219i coletul este deja  preg\u0103tit, c\u00e2t timp am pentru a trimite bancnote la old-cash.com?<\/h3><span class=\"vcard\" style=\"display: none;\"><span class=\"fn\"><a href=\"https:\/\/old-cash.com\/ro\/author\/admin\/\" title=\"Articole de admin\" rel=\"author\">admin<\/a><\/span><\/span><span class=\"updated\" style=\"display:none\">2020-01-03T20:39:04+02:00<\/span>[vc_row][vc_column][vc_column_text]Politica noastr\u0103 de pre\u021buri presupune pentru client, men\u021binerea celor mai bune cursuri de schimb valutar posibile.\r\nModific\u0103rile pre\u021burilor pe pia\u021ba valutar\u0103 pot fi uneori foarte dinamice, astfel c\u0103, pentru a v\u0103 oferi cel mai bun pre\u021b\r\na valutelor v\u00e2ndute, v\u0103 rug\u0103m s\u0103 expedia\u0163i coletul cel mai t\u00e2rziu \u00een ziua urm\u0103toare dup\u0103 terminrea\r\nprocesului de ad\u0103ugare a bancnotelor \u00een portofel. Evident, dac\u0103 uita\u0163i de expedierea cooletului \u0219i o facie\u0163i c\u00e2teva\r\nzile mai t\u00e2rziu, iar cursurile de schimb valutar vor fi men\u021binute stabil, nu vor fi probleme\r\ncu realizarea tranzac\u021biei.[\/vc_column_text][\/vc_column][\/vc_row]\t\t<\/div>\r\n\t<\/section>\r\n<\/div>\r\n\r\n<div class=\"faq post-10637 type-faq status-publish hentry\">\r\n\t<section class=\"toggle\">\r\n\t\t<label>12. Locuiesc \u00een afara Uniunii Europene, v\u0103 pot trimite bancnote?<\/label>\r\n\t\t<div class=\"toggle-content\">\r\n\t\t<h3 class=\"entry-title\" style=\"display: none;\">12. Locuiesc \u00een afara Uniunii Europene, v\u0103 pot trimite bancnote?<\/h3><span class=\"vcard\" style=\"display: none;\"><span class=\"fn\"><a href=\"https:\/\/old-cash.com\/ro\/author\/admin\/\" title=\"Articole de admin\" rel=\"author\">admin<\/a><\/span><\/span><span class=\"updated\" style=\"display:none\">2020-01-03T20:53:08+02:00<\/span>[vc_row][vc_column][vc_column_text]Da, suntem un serviciu interna\u021bional \u0219i ne ocup\u0103m de tranzac\u021bii din diverse p\u0103r\u021bi ale lumii.[\/vc_column_text][\/vc_column][\/vc_row]\t\t<\/div>\r\n\t<\/section>\r\n<\/div>\r\n\t\t<\/div>\r\n\r\n\t\t\r\n\t<\/div>\r\n\r\n\t\r\n\t<\/div>[vc_empty_space height=&#8221;1px&#8221;][\/vc_column][\/vc_row]<\/p>\n<\/div>","protected":false},"excerpt":{"rendered":"<p>[vc_row][vc_column][vc_custom_heading text=&#8221;Frequently Asked Questions&#8221; use_theme_fonts=&#8221;yes&#8221; el_class=&#8221;shorter&#8221;][vc_empty_space height=&#8221;40px&#8221;][\/vc_column][\/vc_row][vc_row][vc_column][vc_empty_space height=&#8221;1px&#8221;][\/vc_column][\/vc_row]<\/p>\n","protected":false},"author":1,"featured_media":0,"parent":0,"menu_order":0,"comment_status":"closed","ping_status":"closed","template":"","meta":{"footnotes":""},"class_list":["post-10557","page","type-page","status-publish","hentry"],"_links":{"self":[{"href":"https:\/\/old-cash.com\/ro\/wp-json\/wp\/v2\/pages\/10557","targetHints":{"allow":["GET"]}}],"collection":[{"href":"https:\/\/old-cash.com\/ro\/wp-json\/wp\/v2\/pages"}],"about":[{"href":"https:\/\/old-cash.com\/ro\/wp-json\/wp\/v2\/types\/page"}],"author":[{"embeddable":true,"href":"https:\/\/old-cash.com\/ro\/wp-json\/wp\/v2\/users\/1"}],"replies":[{"embeddable":true,"href":"https:\/\/old-cash.com\/ro\/wp-json\/wp\/v2\/comments?post=10557"}],"version-history":[{"count":1,"href":"https:\/\/old-cash.com\/ro\/wp-json\/wp\/v2\/pages\/10557\/revisions"}],"predecessor-version":[{"id":10563,"href":"https:\/\/old-cash.com\/ro\/wp-json\/wp\/v2\/pages\/10557\/revisions\/10563"}],"wp:attachment":[{"href":"https:\/\/old-cash.com\/ro\/wp-json\/wp\/v2\/media?parent=10557"}],"curies":[{"name":"wp","href":"https:\/\/api.w.org\/{rel}","templated":true}]}}