{"id":10768,"date":"2019-12-03T15:25:17","date_gmt":"2019-12-03T15:25:17","guid":{"rendered":"https:\/\/old-cash.com\/exchange-rates\/"},"modified":"2020-10-12T11:54:43","modified_gmt":"2020-10-12T11:54:43","slug":"exchange-rates","status":"publish","type":"page","link":"https:\/\/old-cash.com\/ro\/exchange-rates\/","title":{"rendered":"Tabelul cursurilor de schimb valutar"},"content":{"rendered":"<div class=\"wpb-content-wrapper\"><p>[vc_row][vc_column][vc_custom_heading text=&#8221;Tabelul cursurilor de schimb valutar&#8221; use_theme_fonts=&#8221;yes&#8221;][vc_column_text]Nu percepem taxe sau comisioane suplimentare. Alege\u021bi metoda de plat\u0103 \u00eentr-una din cele patru valute disponibile (EUR, USD, GBP, PLN) \u0219i vede\u021bi ce cursuri de schimb favorabile ofer\u0103 old-cash. Face\u021bi clic pe valuta de\u021binut\u0103 \u0219i ad\u0103uga\u021bi bancnotele selectate \u00een portofel.[\/vc_column_text][\/vc_column][\/vc_row][vc_row][vc_column][vc_raw_html]PHA+W3djal93aG9sZXNhbGVfcHJpY2VfdGFibGVdIFt0YWJsZSBpZD02IGNhY2hlX3RhYmxlX291dHB1dD1mYWxzZSAvXTwvcD4=[\/vc_raw_html][\/vc_column][\/vc_row][vc_row][vc_column][vc_column_text]<\/p>\n<p><strong>Alte valute<\/strong><\/p>\n<p>Dac\u0103 de\u021bine\u021bi alte bancnote care nu sunt men\u021bionate pe site, v\u0103 rug\u0103m s\u0103 trimite\u021bi la adresa de e-mail:\u00a0<a href=\"mailto:office@old-cash.com\">office@old-cash.com<\/a>\u00a0suma exact\u0103 \u0219i denumirea valutei pentru schimb, iar \u00een e-mailul de retur ve\u021bi primi gratuit oferta preg\u0103tit\u0103 de echipa noastr\u0103. \u00cen cazul \u00een care nu ave\u021bi posibilitatea de identificare a valutelor de\u021binute, ata\u0219a\u021bi fotografii ale bancnotelor la mesajul trimis.<\/p>\n<p>[\/vc_column_text][\/vc_column][\/vc_row]<\/p>\n<\/div>","protected":false},"excerpt":{"rendered":"<p>[vc_row][vc_column][vc_custom_heading text=&#8221;Tabelul cursurilor de schimb valutar&#8221; use_theme_fonts=&#8221;yes&#8221;][vc_column_text]Nu percepem taxe sau comisioane suplimentare. Alege\u021bi metoda de plat\u0103 \u00eentr-una din cele patru valute disponibile (EUR, USD, GBP, PLN) \u0219i vede\u021bi ce cursuri de schimb favorabile ofer\u0103 old-cash. Face\u021bi clic pe valuta de\u021binut\u0103 \u0219i ad\u0103uga\u021bi bancnotele selectate \u00een portofel.[\/vc_column_text][\/vc_column][\/vc_row][vc_row][vc_column][vc_raw_html]PHA+W3djal93aG9sZXNhbGVfcHJpY2VfdGFibGVdIFt0YWJsZSBpZD02IGNhY2hlX3RhYmxlX291dHB1dD1mYWxzZSAvXTwvcD4=[\/vc_raw_html][\/vc_column][\/vc_row][vc_row][vc_column][vc_column_text] Alte valute Dac\u0103 de\u021bine\u021bi alte bancnote care nu sunt [&hellip;]<\/p>\n","protected":false},"author":1,"featured_media":0,"parent":0,"menu_order":0,"comment_status":"closed","ping_status":"closed","template":"","meta":{"footnotes":""},"class_list":["post-10768","page","type-page","status-publish","hentry"],"_links":{"self":[{"href":"https:\/\/old-cash.com\/ro\/wp-json\/wp\/v2\/pages\/10768","targetHints":{"allow":["GET"]}}],"collection":[{"href":"https:\/\/old-cash.com\/ro\/wp-json\/wp\/v2\/pages"}],"about":[{"href":"https:\/\/old-cash.com\/ro\/wp-json\/wp\/v2\/types\/page"}],"author":[{"embeddable":true,"href":"https:\/\/old-cash.com\/ro\/wp-json\/wp\/v2\/users\/1"}],"replies":[{"embeddable":true,"href":"https:\/\/old-cash.com\/ro\/wp-json\/wp\/v2\/comments?post=10768"}],"version-history":[{"count":9,"href":"https:\/\/old-cash.com\/ro\/wp-json\/wp\/v2\/pages\/10768\/revisions"}],"predecessor-version":[{"id":15523,"href":"https:\/\/old-cash.com\/ro\/wp-json\/wp\/v2\/pages\/10768\/revisions\/15523"}],"wp:attachment":[{"href":"https:\/\/old-cash.com\/ro\/wp-json\/wp\/v2\/media?parent=10768"}],"curies":[{"name":"wp","href":"https:\/\/api.w.org\/{rel}","templated":true}]}}