{"id":12719,"date":"2020-05-24T17:43:53","date_gmt":"2020-05-24T17:43:53","guid":{"rendered":"https:\/\/old-cash.com\/other-currencies\/"},"modified":"2020-08-17T11:32:22","modified_gmt":"2020-08-17T11:32:22","slug":"other-currencies","status":"publish","type":"page","link":"https:\/\/old-cash.com\/ro\/other-currencies\/","title":{"rendered":"Alte valute"},"content":{"rendered":"<div class=\"wpb-content-wrapper\"><p>[vc_row][vc_column][vc_custom_heading text=&#8221;Alte valute&#8221; font_container=&#8221;tag:h1|text_align:left&#8221; use_theme_fonts=&#8221;yes&#8221;][\/vc_column][\/vc_row][vc_row][vc_column][vc_column_text]Dac\u0103 de\u021bine\u021bi alte bancnote care nu sunt men\u021bionate pe site, v\u0103 rug\u0103m s\u0103 trimite\u021bi la adresa de e-mail: <a href=\"mailto:office@old-cash.com\">office@old-cash.com<\/a> suma exact\u0103 \u0219i denumirea valutei pentru schimb, iar \u00een e-mailul de retur ve\u021bi primi gratuit oferta preg\u0103tit\u0103 de echipa noastr\u0103. \u00cen cazul \u00een care nu ave\u021bi posibilitatea de identificare a valutelor de\u021binute, ata\u0219a\u021bi fotografii ale bancnotelor la mesajul trimis.[\/vc_column_text][\/vc_column][\/vc_row]<\/p>\n<\/div>","protected":false},"excerpt":{"rendered":"<p>[vc_row][vc_column][vc_custom_heading text=&#8221;Alte valute&#8221; font_container=&#8221;tag:h1|text_align:left&#8221; use_theme_fonts=&#8221;yes&#8221;][\/vc_column][\/vc_row][vc_row][vc_column][vc_column_text]Dac\u0103 de\u021bine\u021bi alte bancnote care nu sunt men\u021bionate pe site, v\u0103 rug\u0103m s\u0103 trimite\u021bi la adresa de e-mail: office@old-cash.com suma exact\u0103 \u0219i denumirea valutei pentru schimb, iar \u00een e-mailul de retur ve\u021bi primi gratuit oferta preg\u0103tit\u0103 de echipa noastr\u0103. \u00cen cazul \u00een care nu ave\u021bi posibilitatea de identificare a valutelor de\u021binute, [&hellip;]<\/p>\n","protected":false},"author":2,"featured_media":0,"parent":0,"menu_order":0,"comment_status":"closed","ping_status":"closed","template":"","meta":{"footnotes":""},"class_list":["post-12719","page","type-page","status-publish","hentry"],"_links":{"self":[{"href":"https:\/\/old-cash.com\/ro\/wp-json\/wp\/v2\/pages\/12719","targetHints":{"allow":["GET"]}}],"collection":[{"href":"https:\/\/old-cash.com\/ro\/wp-json\/wp\/v2\/pages"}],"about":[{"href":"https:\/\/old-cash.com\/ro\/wp-json\/wp\/v2\/types\/page"}],"author":[{"embeddable":true,"href":"https:\/\/old-cash.com\/ro\/wp-json\/wp\/v2\/users\/2"}],"replies":[{"embeddable":true,"href":"https:\/\/old-cash.com\/ro\/wp-json\/wp\/v2\/comments?post=12719"}],"version-history":[{"count":4,"href":"https:\/\/old-cash.com\/ro\/wp-json\/wp\/v2\/pages\/12719\/revisions"}],"predecessor-version":[{"id":15370,"href":"https:\/\/old-cash.com\/ro\/wp-json\/wp\/v2\/pages\/12719\/revisions\/15370"}],"wp:attachment":[{"href":"https:\/\/old-cash.com\/ro\/wp-json\/wp\/v2\/media?parent=12719"}],"curies":[{"name":"wp","href":"https:\/\/api.w.org\/{rel}","templated":true}]}}